{"id":94,"date":"2021-04-29T11:30:08","date_gmt":"2021-04-29T15:30:08","guid":{"rendered":"https:\/\/www.economicpartners.com\/?page_id=94"},"modified":"2021-10-19T15:23:44","modified_gmt":"2021-10-19T19:23:44","slug":"a-propos","status":"publish","type":"page","link":"https:\/\/www.economicpartners.com\/fr\/a-propos\/","title":{"rendered":"\u00c0 propos"},"content":{"rendered":"\t\t<div data-elementor-type=\"wp-page\" data-elementor-id=\"94\" class=\"elementor elementor-94 elementor-19\" data-elementor-post-type=\"page\">\n\t\t\t\t\t\t<section class=\"elementor-section elementor-top-section elementor-element elementor-element-50dfa44c elementor-section-boxed elementor-section-height-default elementor-section-height-default\" data-id=\"50dfa44c\" data-element_type=\"section\" data-e-type=\"section\">\n\t\t\t\t\t\t<div class=\"elementor-container elementor-column-gap-default\">\n\t\t\t\t\t<div class=\"elementor-column elementor-col-100 elementor-top-column elementor-element elementor-element-2ec106b9\" data-id=\"2ec106b9\" data-element_type=\"column\" data-e-type=\"column\">\n\t\t\t<div class=\"elementor-widget-wrap elementor-element-populated\">\n\t\t\t\t\t\t<div class=\"elementor-element elementor-element-d301181 elementor-widget elementor-widget-heading\" data-id=\"d301181\" data-element_type=\"widget\" data-e-type=\"widget\" data-widget_type=\"heading.default\">\n\t\t\t\t<div class=\"elementor-widget-container\">\n\t\t\t\t\t<h2 class=\"elementor-heading-title elementor-size-default\">Notre Client\u00e8le<\/h2>\t\t\t\t<\/div>\n\t\t\t\t<\/div>\n\t\t\t\t<div class=\"elementor-element elementor-element-2a7e85e elementor-widget elementor-widget-text-editor\" data-id=\"2a7e85e\" data-element_type=\"widget\" data-e-type=\"widget\" data-widget_type=\"text-editor.default\">\n\t\t\t\t<div class=\"elementor-widget-container\">\n\t\t\t\t\t\t\t\t\tUn r\u00e9seau de SADC existe dans tout l&rsquo;Ontario. En tant que votre SADC locale, nous servons un bassin de population total de 22, 285 personnes qui comprend les collectivit\u00e9s suivantes:\n<h4>Sudbury Est:<\/h4>\n<ul>\n \t<li>La premi\u00e8re nation Dokis<\/li>\n \t<li>La Rivi\u00e8re des Fran\u00e7ais<\/li>\n \t<li>Markstay \u2013 Warren <\/li>\n \t<li>St-Charles<\/li>\n<\/ul>\n<h4>Nipissing Ouest:<\/h4>\n<ul>\n \t<li>La premi\u00e8re Nation du Nipissing<\/li>\n \t<li>Nipissing Ouest<\/li>\n<\/ul>\t\t\t\t\t\t\t\t<\/div>\n\t\t\t\t<\/div>\n\t\t\t\t<div class=\"elementor-element elementor-element-6abf3e4 elementor-widget elementor-widget-heading\" data-id=\"6abf3e4\" data-element_type=\"widget\" data-e-type=\"widget\" data-widget_type=\"heading.default\">\n\t\t\t\t<div class=\"elementor-widget-container\">\n\t\t\t\t\t<h2 class=\"elementor-heading-title elementor-size-default\">Nos services<\/h2>\t\t\t\t<\/div>\n\t\t\t\t<\/div>\n\t\t\t\t<div class=\"elementor-element elementor-element-ed96eb2 elementor-widget elementor-widget-text-editor\" data-id=\"ed96eb2\" data-element_type=\"widget\" data-e-type=\"widget\" data-widget_type=\"text-editor.default\">\n\t\t\t\t<div class=\"elementor-widget-container\">\n\t\t\t\t\t\t\t\t\t<h4>Notre approche est simple : nous sommes des gens au service des gens.<\/h4><p>Dirig\u00e9s par un conseil d&rsquo;administration compos\u00e9 de b\u00e9n\u00e9voles des collectivit\u00e9s locales et par un personnel professionnel, nous adoptons une approche locale pour investir dans des entreprises et des initiatives des collectivit\u00e9s locales.<\/p><h5>Voici les services cl\u00e9s que nous vous offrons :<\/h5><ul><li>Planification et d\u00e9veloppement \u00e9conomique des collectivit\u00e9s<\/li><li>Acc\u00e8s au financement pour des petites entreprises<\/li><li>Service de conseils, services et ressources commerciales<\/li><\/ul>\t\t\t\t\t\t\t\t<\/div>\n\t\t\t\t<\/div>\n\t\t\t\t<div class=\"elementor-element elementor-element-e0be7bc elementor-widget elementor-widget-heading\" data-id=\"e0be7bc\" data-element_type=\"widget\" data-e-type=\"widget\" data-widget_type=\"heading.default\">\n\t\t\t\t<div class=\"elementor-widget-container\">\n\t\t\t\t\t<h2 class=\"elementor-heading-title elementor-size-default\">Notre mission et buts<\/h2>\t\t\t\t<\/div>\n\t\t\t\t<\/div>\n\t\t\t\t<div class=\"elementor-element elementor-element-7e62e1e elementor-widget elementor-widget-text-editor\" data-id=\"7e62e1e\" data-element_type=\"widget\" data-e-type=\"widget\" data-widget_type=\"text-editor.default\">\n\t\t\t\t<div class=\"elementor-widget-container\">\n\t\t\t\t\t\t\t\t\t<h5>Est d&rsquo;aider \u00e0 maintenir et rehausser la qualit\u00e9 de vie en d\u00e9pistant, cr\u00e9ant et d\u00e9veloppant des occasions de collaboration, croissance, diversification, d\u00e9veloppement durable et cr\u00e9ation d&#8217;emplois.<\/h5>\t\t\t\t\t\t\t\t<\/div>\n\t\t\t\t<\/div>\n\t\t\t\t<div class=\"elementor-element elementor-element-e61af4d elementor-widget elementor-widget-text-editor\" data-id=\"e61af4d\" data-element_type=\"widget\" data-e-type=\"widget\" data-widget_type=\"text-editor.default\">\n\t\t\t\t<div class=\"elementor-widget-container\">\n\t\t\t\t\t\t\t\t\t<h5>De promouvoir le d\u00e9veloppement \u00e9conomique communautaire en :<\/h5>\n<ul>\n \t<li>recherchant des strat\u00e9gies dans la communaut\u00e9 pour savoir comment atteindre une stabilit\u00e9, une reprise, une croissance et une diversification \u00e9conomique;<\/li>\n<\/ul>\n<h5>D&rsquo;initier et de promouvoir la mise en oeuvre de programmes de d\u00e9veloppement communautaire en :<\/h5>\n<ul>\n \t<li>encourageant et aidant les entrepreneur-e-s \u00e0 d\u00e9marrer leur entreprise et \u00e0 agrandir leur entreprise;<\/li>\n \t<li>offrant des conseils et de l&rsquo;aide technique et des informations sur les communaut\u00e9s, des statistiques et des \u00e9tudes.<\/li>\n<\/ul>\n<h5>De promouvoir la croissance de l&#8217;emploi en :<\/h5>\n<ul>\n \t<li>stimulant l&rsquo;esprit entrepreneurial dans les communaut\u00e9s de Sudbury Est\/Nipissing Ouest;<\/li>\n<\/ul>\n<h5>De cr\u00e9er et promouvoir les occasions touristiques de la r\u00e9gion Sudbury Est\/Nipissing Ouest.<\/h5>\n<h5>D&rsquo;anticiper les ajustements futurs afin que les communaut\u00e9s soient pr\u00e9par\u00e9es pour faire face \u00e0 l&rsquo;avenir en :<\/h5>\n<ul>\n \t<li>\u00e9valuant l&rsquo;impact des changements futurs sur l&rsquo;\u00e9conomie locale;<\/li>\n \t<li>consultant les communaut\u00e9s afin de d\u00e9terminer comment elles pr\u00e9voient leur avenir.<\/li>\n<\/ul>\n<h5>D&rsquo;entreprendre des d\u00e9marches afin de s&rsquo;assurer que les communaut\u00e9s participantes soient servies \u00e9quitablement par Partenaires dans l&rsquo;\u00e9conomie Sudbury Est\/Nipissing Ouest Inc.<\/h5>\t\t\t\t\t\t\t\t<\/div>\n\t\t\t\t<\/div>\n\t\t\t\t\t<\/div>\n\t\t<\/div>\n\t\t\t\t\t<\/div>\n\t\t<\/section>\n\t\t\t\t<section class=\"elementor-section elementor-top-section elementor-element elementor-element-0077a4c elementor-section-boxed elementor-section-height-default elementor-section-height-default\" data-id=\"0077a4c\" data-element_type=\"section\" data-e-type=\"section\">\n\t\t\t\t\t\t<div class=\"elementor-container elementor-column-gap-default\">\n\t\t\t\t\t<div class=\"elementor-column elementor-col-100 elementor-top-column elementor-element elementor-element-914717e\" data-id=\"914717e\" data-element_type=\"column\" data-e-type=\"column\">\n\t\t\t<div class=\"elementor-widget-wrap elementor-element-populated\">\n\t\t\t\t\t\t<div class=\"elementor-element elementor-element-2f76aae elementor-widget elementor-widget-google_maps\" data-id=\"2f76aae\" data-element_type=\"widget\" data-e-type=\"widget\" data-widget_type=\"google_maps.default\">\n\t\t\t\t<div class=\"elementor-widget-container\">\n\t\t\t\t\t\t\t<div class=\"elementor-custom-embed\">\n\t\t\t<iframe loading=\"lazy\"\n\t\t\t\t\tsrc=\"https:\/\/maps.google.com\/maps?q=Economic%20Partners%2030%20Front%20Street%2C%20Unit%20A%20Sturgeon%20Falls%2C%20ON%20P2B%203L4&#038;t=m&#038;z=10&#038;output=embed&#038;iwloc=near\"\n\t\t\t\t\ttitle=\"Economic Partners 30 Front Street, Unit A Sturgeon Falls, ON P2B 3L4\"\n\t\t\t\t\taria-label=\"Economic Partners 30 Front Street, Unit A Sturgeon Falls, ON P2B 3L4\"\n\t\t\t><\/iframe>\n\t\t<\/div>\n\t\t\t\t\t\t<\/div>\n\t\t\t\t<\/div>\n\t\t\t\t\t<\/div>\n\t\t<\/div>\n\t\t\t\t\t<\/div>\n\t\t<\/section>\n\t\t\t\t<\/div>\n\t\t","protected":false},"excerpt":{"rendered":"<p>Notre Client\u00e8le Un r\u00e9seau de SADC existe dans tout l&rsquo;Ontario. En tant que votre SADC locale, nous servons un bassin de population total de 22, 285 personnes qui comprend les collectivit\u00e9s suivantes: Sudbury Est: La premi\u00e8re nation Dokis La Rivi\u00e8re des Fran\u00e7ais Markstay \u2013 Warren St-Charles Nipissing Ouest: La premi\u00e8re Nation du Nipissing Nipissing Ouest [&hellip;]<\/p>\n","protected":false},"author":1,"featured_media":3204,"parent":0,"menu_order":0,"comment_status":"closed","ping_status":"closed","template":"","meta":{"_acf_changed":false,"footnotes":""},"class_list":["post-94","page","type-page","status-publish","has-post-thumbnail","hentry"],"acf":[],"yoast_head":"<!-- This site is optimized with the Yoast SEO Premium plugin v27.5 (Yoast SEO v27.5) - https:\/\/yoast.com\/product\/yoast-seo-premium-wordpress\/ -->\n<title>\u00c0 propos | Partenaires dans l\u2019\u00e9conomie Sudbury Est \/ Nipissing Ouest Inc.<\/title>\n<meta name=\"robots\" content=\"index, follow, max-snippet:-1, max-image-preview:large, max-video-preview:-1\" \/>\n<link rel=\"canonical\" href=\"https:\/\/www.economicpartners.com\/fr\/a-propos\/\" \/>\n<meta property=\"og:locale\" content=\"fr_FR\" \/>\n<meta property=\"og:type\" content=\"article\" \/>\n<meta property=\"og:title\" content=\"\u00c0 propos\" \/>\n<meta property=\"og:description\" content=\"Notre Client\u00e8le Un r\u00e9seau de SADC existe dans tout l&rsquo;Ontario. En tant que votre SADC locale, nous servons un bassin de population total de 22, 285 personnes qui comprend les collectivit\u00e9s suivantes: Sudbury Est: La premi\u00e8re nation Dokis La Rivi\u00e8re des Fran\u00e7ais Markstay \u2013 Warren St-Charles Nipissing Ouest: La premi\u00e8re Nation du Nipissing Nipissing Ouest [&hellip;]\" \/>\n<meta property=\"og:url\" content=\"https:\/\/www.economicpartners.com\/fr\/a-propos\/\" \/>\n<meta property=\"og:site_name\" content=\"Partenaires dans l\u2019\u00e9conomie Sudbury Est \/ Nipissing Ouest Inc.\" \/>\n<meta property=\"article:publisher\" content=\"https:\/\/www.facebook.com\/EPSEWN\/\" \/>\n<meta property=\"article:modified_time\" content=\"2021-10-19T19:23:44+00:00\" \/>\n<meta property=\"og:image\" content=\"https:\/\/www.economicpartners.com\/wp-content\/uploads\/2021\/10\/Home_Header-scaled.jpg\" \/>\n\t<meta property=\"og:image:width\" content=\"2560\" \/>\n\t<meta property=\"og:image:height\" content=\"1702\" \/>\n\t<meta property=\"og:image:type\" content=\"image\/jpeg\" \/>\n<meta name=\"twitter:card\" content=\"summary_large_image\" \/>\n<meta name=\"twitter:label1\" content=\"Dur\u00e9e de lecture estim\u00e9e\" \/>\n\t<meta name=\"twitter:data1\" content=\"2 minutes\" \/>\n<script type=\"application\/ld+json\" class=\"yoast-schema-graph\">{\"@context\":\"https:\\\/\\\/schema.org\",\"@graph\":[{\"@type\":\"WebPage\",\"@id\":\"https:\\\/\\\/www.economicpartners.com\\\/fr\\\/a-propos\\\/\",\"url\":\"https:\\\/\\\/www.economicpartners.com\\\/fr\\\/a-propos\\\/\",\"name\":\"\u00c0 propos | Partenaires dans l\u2019\u00e9conomie Sudbury Est \\\/ Nipissing Ouest Inc.\",\"isPartOf\":{\"@id\":\"https:\\\/\\\/www.economicpartners.com\\\/fr\\\/#website\"},\"primaryImageOfPage\":{\"@id\":\"https:\\\/\\\/www.economicpartners.com\\\/fr\\\/a-propos\\\/#primaryimage\"},\"image\":{\"@id\":\"https:\\\/\\\/www.economicpartners.com\\\/fr\\\/a-propos\\\/#primaryimage\"},\"thumbnailUrl\":\"https:\\\/\\\/www.economicpartners.com\\\/wp-content\\\/uploads\\\/2025\\\/03\\\/Banner-1_BusinessDev_1590x420.png\",\"datePublished\":\"2021-04-29T15:30:08+00:00\",\"dateModified\":\"2021-10-19T19:23:44+00:00\",\"breadcrumb\":{\"@id\":\"https:\\\/\\\/www.economicpartners.com\\\/fr\\\/a-propos\\\/#breadcrumb\"},\"inLanguage\":\"fr-FR\",\"potentialAction\":[{\"@type\":\"ReadAction\",\"target\":[\"https:\\\/\\\/www.economicpartners.com\\\/fr\\\/a-propos\\\/\"]}]},{\"@type\":\"ImageObject\",\"inLanguage\":\"fr-FR\",\"@id\":\"https:\\\/\\\/www.economicpartners.com\\\/fr\\\/a-propos\\\/#primaryimage\",\"url\":\"https:\\\/\\\/www.economicpartners.com\\\/wp-content\\\/uploads\\\/2025\\\/03\\\/Banner-1_BusinessDev_1590x420.png\",\"contentUrl\":\"https:\\\/\\\/www.economicpartners.com\\\/wp-content\\\/uploads\\\/2025\\\/03\\\/Banner-1_BusinessDev_1590x420.png\",\"width\":1590,\"height\":420},{\"@type\":\"BreadcrumbList\",\"@id\":\"https:\\\/\\\/www.economicpartners.com\\\/fr\\\/a-propos\\\/#breadcrumb\",\"itemListElement\":[{\"@type\":\"ListItem\",\"position\":1,\"name\":\"Home\",\"item\":\"https:\\\/\\\/www.economicpartners.com\\\/fr\\\/\"},{\"@type\":\"ListItem\",\"position\":2,\"name\":\"\u00c0 propos\"}]},{\"@type\":\"WebSite\",\"@id\":\"https:\\\/\\\/www.economicpartners.com\\\/fr\\\/#website\",\"url\":\"https:\\\/\\\/www.economicpartners.com\\\/fr\\\/\",\"name\":\"Partenaires dans l\u2019\u00e9conomie Sudbury Est \\\/ Nipissing Ouest Inc.\",\"description\":\"Soci\u00e9t\u00e9s d\u2019aide au d\u00e9veloppement des collectivit\u00e9s\",\"publisher\":{\"@id\":\"https:\\\/\\\/www.economicpartners.com\\\/fr\\\/#organization\"},\"potentialAction\":[{\"@type\":\"SearchAction\",\"target\":{\"@type\":\"EntryPoint\",\"urlTemplate\":\"https:\\\/\\\/www.economicpartners.com\\\/fr\\\/?s={search_term_string}\"},\"query-input\":{\"@type\":\"PropertyValueSpecification\",\"valueRequired\":true,\"valueName\":\"search_term_string\"}}],\"inLanguage\":\"fr-FR\"},{\"@type\":\"Organization\",\"@id\":\"https:\\\/\\\/www.economicpartners.com\\\/fr\\\/#organization\",\"name\":\"Economic Partners Sudbury East\\\/West Nipissing Inc.\",\"url\":\"https:\\\/\\\/www.economicpartners.com\\\/fr\\\/\",\"logo\":{\"@type\":\"ImageObject\",\"inLanguage\":\"fr-FR\",\"@id\":\"https:\\\/\\\/www.economicpartners.com\\\/fr\\\/#\\\/schema\\\/logo\\\/image\\\/\",\"url\":\"https:\\\/\\\/www.economicpartners.com\\\/wp-content\\\/uploads\\\/2021\\\/10\\\/ep_sitelogo_mobile.png\",\"contentUrl\":\"https:\\\/\\\/www.economicpartners.com\\\/wp-content\\\/uploads\\\/2021\\\/10\\\/ep_sitelogo_mobile.png\",\"width\":184,\"height\":125,\"caption\":\"Economic Partners Sudbury East\\\/West Nipissing Inc.\"},\"image\":{\"@id\":\"https:\\\/\\\/www.economicpartners.com\\\/fr\\\/#\\\/schema\\\/logo\\\/image\\\/\"},\"sameAs\":[\"https:\\\/\\\/www.facebook.com\\\/EPSEWN\\\/\"]}]}<\/script>\n<!-- \/ Yoast SEO Premium plugin. -->","yoast_head_json":{"title":"\u00c0 propos | Partenaires dans l\u2019\u00e9conomie Sudbury Est \/ Nipissing Ouest Inc.","robots":{"index":"index","follow":"follow","max-snippet":"max-snippet:-1","max-image-preview":"max-image-preview:large","max-video-preview":"max-video-preview:-1"},"canonical":"https:\/\/www.economicpartners.com\/fr\/a-propos\/","og_locale":"fr_FR","og_type":"article","og_title":"\u00c0 propos","og_description":"Notre Client\u00e8le Un r\u00e9seau de SADC existe dans tout l&rsquo;Ontario. En tant que votre SADC locale, nous servons un bassin de population total de 22, 285 personnes qui comprend les collectivit\u00e9s suivantes: Sudbury Est: La premi\u00e8re nation Dokis La Rivi\u00e8re des Fran\u00e7ais Markstay \u2013 Warren St-Charles Nipissing Ouest: La premi\u00e8re Nation du Nipissing Nipissing Ouest [&hellip;]","og_url":"https:\/\/www.economicpartners.com\/fr\/a-propos\/","og_site_name":"Partenaires dans l\u2019\u00e9conomie Sudbury Est \/ Nipissing Ouest Inc.","article_publisher":"https:\/\/www.facebook.com\/EPSEWN\/","article_modified_time":"2021-10-19T19:23:44+00:00","og_image":[{"width":2560,"height":1702,"url":"https:\/\/www.economicpartners.com\/wp-content\/uploads\/2021\/10\/Home_Header-scaled.jpg","type":"image\/jpeg"}],"twitter_card":"summary_large_image","twitter_misc":{"Dur\u00e9e de lecture estim\u00e9e":"2 minutes"},"schema":{"@context":"https:\/\/schema.org","@graph":[{"@type":"WebPage","@id":"https:\/\/www.economicpartners.com\/fr\/a-propos\/","url":"https:\/\/www.economicpartners.com\/fr\/a-propos\/","name":"\u00c0 propos | Partenaires dans l\u2019\u00e9conomie Sudbury Est \/ Nipissing Ouest Inc.","isPartOf":{"@id":"https:\/\/www.economicpartners.com\/fr\/#website"},"primaryImageOfPage":{"@id":"https:\/\/www.economicpartners.com\/fr\/a-propos\/#primaryimage"},"image":{"@id":"https:\/\/www.economicpartners.com\/fr\/a-propos\/#primaryimage"},"thumbnailUrl":"https:\/\/www.economicpartners.com\/wp-content\/uploads\/2025\/03\/Banner-1_BusinessDev_1590x420.png","datePublished":"2021-04-29T15:30:08+00:00","dateModified":"2021-10-19T19:23:44+00:00","breadcrumb":{"@id":"https:\/\/www.economicpartners.com\/fr\/a-propos\/#breadcrumb"},"inLanguage":"fr-FR","potentialAction":[{"@type":"ReadAction","target":["https:\/\/www.economicpartners.com\/fr\/a-propos\/"]}]},{"@type":"ImageObject","inLanguage":"fr-FR","@id":"https:\/\/www.economicpartners.com\/fr\/a-propos\/#primaryimage","url":"https:\/\/www.economicpartners.com\/wp-content\/uploads\/2025\/03\/Banner-1_BusinessDev_1590x420.png","contentUrl":"https:\/\/www.economicpartners.com\/wp-content\/uploads\/2025\/03\/Banner-1_BusinessDev_1590x420.png","width":1590,"height":420},{"@type":"BreadcrumbList","@id":"https:\/\/www.economicpartners.com\/fr\/a-propos\/#breadcrumb","itemListElement":[{"@type":"ListItem","position":1,"name":"Home","item":"https:\/\/www.economicpartners.com\/fr\/"},{"@type":"ListItem","position":2,"name":"\u00c0 propos"}]},{"@type":"WebSite","@id":"https:\/\/www.economicpartners.com\/fr\/#website","url":"https:\/\/www.economicpartners.com\/fr\/","name":"Partenaires dans l\u2019\u00e9conomie Sudbury Est \/ Nipissing Ouest Inc.","description":"Soci\u00e9t\u00e9s d\u2019aide au d\u00e9veloppement des collectivit\u00e9s","publisher":{"@id":"https:\/\/www.economicpartners.com\/fr\/#organization"},"potentialAction":[{"@type":"SearchAction","target":{"@type":"EntryPoint","urlTemplate":"https:\/\/www.economicpartners.com\/fr\/?s={search_term_string}"},"query-input":{"@type":"PropertyValueSpecification","valueRequired":true,"valueName":"search_term_string"}}],"inLanguage":"fr-FR"},{"@type":"Organization","@id":"https:\/\/www.economicpartners.com\/fr\/#organization","name":"Economic Partners Sudbury East\/West Nipissing Inc.","url":"https:\/\/www.economicpartners.com\/fr\/","logo":{"@type":"ImageObject","inLanguage":"fr-FR","@id":"https:\/\/www.economicpartners.com\/fr\/#\/schema\/logo\/image\/","url":"https:\/\/www.economicpartners.com\/wp-content\/uploads\/2021\/10\/ep_sitelogo_mobile.png","contentUrl":"https:\/\/www.economicpartners.com\/wp-content\/uploads\/2021\/10\/ep_sitelogo_mobile.png","width":184,"height":125,"caption":"Economic Partners Sudbury East\/West Nipissing Inc."},"image":{"@id":"https:\/\/www.economicpartners.com\/fr\/#\/schema\/logo\/image\/"},"sameAs":["https:\/\/www.facebook.com\/EPSEWN\/"]}]}},"_links":{"self":[{"href":"https:\/\/www.economicpartners.com\/fr\/wp-json\/wp\/v2\/pages\/94","targetHints":{"allow":["GET"]}}],"collection":[{"href":"https:\/\/www.economicpartners.com\/fr\/wp-json\/wp\/v2\/pages"}],"about":[{"href":"https:\/\/www.economicpartners.com\/fr\/wp-json\/wp\/v2\/types\/page"}],"author":[{"embeddable":true,"href":"https:\/\/www.economicpartners.com\/fr\/wp-json\/wp\/v2\/users\/1"}],"replies":[{"embeddable":true,"href":"https:\/\/www.economicpartners.com\/fr\/wp-json\/wp\/v2\/comments?post=94"}],"version-history":[{"count":0,"href":"https:\/\/www.economicpartners.com\/fr\/wp-json\/wp\/v2\/pages\/94\/revisions"}],"wp:featuredmedia":[{"embeddable":true,"href":"https:\/\/www.economicpartners.com\/fr\/wp-json\/wp\/v2\/media\/3204"}],"wp:attachment":[{"href":"https:\/\/www.economicpartners.com\/fr\/wp-json\/wp\/v2\/media?parent=94"}],"curies":[{"name":"wp","href":"https:\/\/api.w.org\/{rel}","templated":true}]}}