{"id":83,"date":"2021-04-29T11:24:50","date_gmt":"2021-04-29T15:24:50","guid":{"rendered":"https:\/\/www.economicpartners.com\/?page_id=83"},"modified":"2022-02-24T10:59:53","modified_gmt":"2022-02-24T15:59:53","slug":"dev-communautaire","status":"publish","type":"page","link":"https:\/\/www.economicpartners.com\/fr\/dev-communautaire\/","title":{"rendered":"D\u00e9veloppement communautaire"},"content":{"rendered":"\t\t<div data-elementor-type=\"wp-page\" data-elementor-id=\"83\" class=\"elementor elementor-83 elementor-23\" data-elementor-post-type=\"page\">\n\t\t\t\t\t\t<section class=\"elementor-section elementor-top-section elementor-element elementor-element-7968414 elementor-section-boxed elementor-section-height-default elementor-section-height-default\" data-id=\"7968414\" data-element_type=\"section\" data-e-type=\"section\">\n\t\t\t\t\t\t<div class=\"elementor-container elementor-column-gap-default\">\n\t\t\t\t\t<div class=\"elementor-column elementor-col-100 elementor-top-column elementor-element elementor-element-0d7627d\" data-id=\"0d7627d\" data-element_type=\"column\" data-e-type=\"column\">\n\t\t\t<div class=\"elementor-widget-wrap elementor-element-populated\">\n\t\t\t\t\t\t<div class=\"elementor-element elementor-element-019a339 elementor-widget elementor-widget-text-editor\" data-id=\"019a339\" data-element_type=\"widget\" data-e-type=\"widget\" data-widget_type=\"text-editor.default\">\n\t\t\t\t<div class=\"elementor-widget-container\">\n\t\t\t\t\t\t\t\t\t<h3>Planification et d\u00e9veloppement communautaire<\/h3><p>La planification strat\u00e9gique est un processus syst\u00e9matique \u00e0 base de consensus qui r\u00e9unit des repr\u00e9sentants de divers int\u00e9r\u00eats de la collectivit\u00e9 pour prendre des d\u00e9cisions concernant les priorit\u00e9s de d\u00e9veloppement communautaire et comment r\u00e9aliser ces priorit\u00e9s. Le plan strat\u00e9gique tient compte des facteurs \u00e9conomiques, sociaux, culturels et environnementaux. Il assigne aux diff\u00e9rents intervenants de la communaut\u00e9 des r\u00f4les sp\u00e9cifiques dans la r\u00e9alisation des objectifs. Le plan strat\u00e9gique guide le travail de notre organisation et de ses partenaires.<\/p><h3>La planification strat\u00e9gique<\/h3><ul><li>La planification strat\u00e9gique est un processus perp\u00e9tuel et syst\u00e9matique qui r\u00e9unit des repr\u00e9sentants des divers int\u00e9r\u00eats de la collectivit\u00e9 pour prendre des d\u00e9cisions concernant la d\u00e9termination pr\u00e9cise des r\u00e9sultats futurs \u00e0 atteindre, la fa\u00e7on dont ceux-ci seront obtenus et la mani\u00e8re d&rsquo;en \u00e9valuer le succ\u00e8s.<\/li><li>Ces d\u00e9cisions sont, dans la mesure du possible, le fruit de consensus. Le plan strat\u00e9gique tient compte des facteurs importants pour la collectivit\u00e9, y compris les facteurs \u00e9conomiques, sociaux, culturels et environnementaux.<\/li><li>Il unit les diff\u00e9rents intervenants de la collectivit\u00e9 dans la r\u00e9alisation d&rsquo;un but commun. Puis, on identifie et mobilise ensuite les ressources humaines et autres.<\/li><li>Le plan strat\u00e9gique guide le travail de la SADC et de ses partenaires. Il s&rsquo;agit d&rsquo;un document public.<\/li><\/ul><h4>Le plan strat\u00e9gique doit comprendre les \u00e9l\u00e9ments de base suivants :<\/h4><ul><li>un \u00e9nonc\u00e9 de la mission, des objectifs et des valeurs;<\/li><li>une \u00e9valuation des besoins;<\/li><li>les objectifs prioritaires;<\/li><li>les strat\u00e9gies qui permettront d&rsquo;atteindre les objectifs vis\u00e9s et des \u00e9ch\u00e9anciers;<\/li><li>la r\u00e9partition des t\u00e2ches (qui fait quoi);<\/li><li>la fa\u00e7on dont seront mesur\u00e9s les r\u00e9sultats.<\/li><\/ul><h4>Les outils utiles \u00e0 la planification strat\u00e9gique comprennent les suivants :<\/h4><ul><li>les profils communautaires;<\/li><li>des renseignements sur le march\u00e9 du travail;<\/li><li>des bases de donn\u00e9es sur les entreprises et autres;<\/li><li>des donn\u00e9es sur l&rsquo;\u00e9conomie;<\/li><li>des organisations et des r\u00e9seaux communautaires;<\/li><li>la participation des gens de la collectivit\u00e9<br \/><br \/><\/li><\/ul><p>Pour plus d&rsquo;informations sur le d\u00e9veloppement communautaire ou toute information concernant le contenu de cette page, veuillez contacter : <\/p><p><strong>Neil V. Fox &#8211; Directeur g\u00e9n\u00e9ral<\/strong><br \/>30 rue Front, unit\u00e9 A<br \/>Sturgeon Falls, ON P2B 3L4 Canada<br \/>Par telephone : <a href=\"tel:705-753-5450\">705-753-5450<\/a> x229<br \/>Par t\u00e9l\u00e9copieur : 705-753-3456<br \/><a href=\"mailto:neil.fox@economicpartners.com\">neil.fox@economicpartners.com<\/a><\/p>\t\t\t\t\t\t\t\t<\/div>\n\t\t\t\t<\/div>\n\t\t\t\t\t<\/div>\n\t\t<\/div>\n\t\t\t\t\t<\/div>\n\t\t<\/section>\n\t\t\t\t<\/div>\n\t\t","protected":false},"excerpt":{"rendered":"<p>Planification et d\u00e9veloppement communautaire La planification strat\u00e9gique est un processus syst\u00e9matique \u00e0 base de consensus qui r\u00e9unit des repr\u00e9sentants de divers int\u00e9r\u00eats de la collectivit\u00e9 pour prendre des d\u00e9cisions concernant les priorit\u00e9s de d\u00e9veloppement communautaire et comment r\u00e9aliser ces priorit\u00e9s. Le plan strat\u00e9gique tient compte des facteurs \u00e9conomiques, sociaux, culturels et environnementaux. Il assigne aux [&hellip;]<\/p>\n","protected":false},"author":1,"featured_media":3184,"parent":0,"menu_order":0,"comment_status":"closed","ping_status":"closed","template":"","meta":{"_acf_changed":false,"footnotes":""},"class_list":["post-83","page","type-page","status-publish","has-post-thumbnail","hentry"],"acf":[],"yoast_head":"<!-- This site is optimized with the Yoast SEO Premium plugin v27.5 (Yoast SEO v27.5) - https:\/\/yoast.com\/product\/yoast-seo-premium-wordpress\/ -->\n<title>D\u00e9veloppement communautaire | Partenaires dans l\u2019\u00e9conomie Sudbury Est \/ Nipissing Ouest Inc.<\/title>\n<meta name=\"robots\" content=\"index, follow, max-snippet:-1, max-image-preview:large, max-video-preview:-1\" \/>\n<link rel=\"canonical\" href=\"https:\/\/www.economicpartners.com\/fr\/dev-communautaire\/\" \/>\n<meta property=\"og:locale\" content=\"fr_FR\" \/>\n<meta property=\"og:type\" content=\"article\" \/>\n<meta property=\"og:title\" content=\"D\u00e9veloppement communautaire\" \/>\n<meta property=\"og:description\" content=\"Planification et d\u00e9veloppement communautaire La planification strat\u00e9gique est un processus syst\u00e9matique \u00e0 base de consensus qui r\u00e9unit des repr\u00e9sentants de divers int\u00e9r\u00eats de la collectivit\u00e9 pour prendre des d\u00e9cisions concernant les priorit\u00e9s de d\u00e9veloppement communautaire et comment r\u00e9aliser ces priorit\u00e9s. Le plan strat\u00e9gique tient compte des facteurs \u00e9conomiques, sociaux, culturels et environnementaux. Il assigne aux [&hellip;]\" \/>\n<meta property=\"og:url\" content=\"https:\/\/www.economicpartners.com\/fr\/dev-communautaire\/\" \/>\n<meta property=\"og:site_name\" content=\"Partenaires dans l\u2019\u00e9conomie Sudbury Est \/ Nipissing Ouest Inc.\" \/>\n<meta property=\"article:publisher\" content=\"https:\/\/www.facebook.com\/EPSEWN\/\" \/>\n<meta property=\"article:modified_time\" content=\"2022-02-24T15:59:53+00:00\" \/>\n<meta name=\"twitter:card\" content=\"summary_large_image\" \/>\n<meta name=\"twitter:label1\" content=\"Dur\u00e9e de lecture estim\u00e9e\" \/>\n\t<meta name=\"twitter:data1\" content=\"2 minutes\" \/>\n<script type=\"application\/ld+json\" class=\"yoast-schema-graph\">{\"@context\":\"https:\\\/\\\/schema.org\",\"@graph\":[{\"@type\":\"WebPage\",\"@id\":\"https:\\\/\\\/www.economicpartners.com\\\/fr\\\/dev-communautaire\\\/\",\"url\":\"https:\\\/\\\/www.economicpartners.com\\\/fr\\\/dev-communautaire\\\/\",\"name\":\"D\u00e9veloppement communautaire | Partenaires dans l\u2019\u00e9conomie Sudbury Est \\\/ Nipissing Ouest Inc.\",\"isPartOf\":{\"@id\":\"https:\\\/\\\/www.economicpartners.com\\\/fr\\\/#website\"},\"primaryImageOfPage\":{\"@id\":\"https:\\\/\\\/www.economicpartners.com\\\/fr\\\/dev-communautaire\\\/#primaryimage\"},\"image\":{\"@id\":\"https:\\\/\\\/www.economicpartners.com\\\/fr\\\/dev-communautaire\\\/#primaryimage\"},\"thumbnailUrl\":\"https:\\\/\\\/www.economicpartners.com\\\/wp-content\\\/uploads\\\/2025\\\/03\\\/Banner-2_BoardandStaff_1590x420.png\",\"datePublished\":\"2021-04-29T15:24:50+00:00\",\"dateModified\":\"2022-02-24T15:59:53+00:00\",\"breadcrumb\":{\"@id\":\"https:\\\/\\\/www.economicpartners.com\\\/fr\\\/dev-communautaire\\\/#breadcrumb\"},\"inLanguage\":\"fr-FR\",\"potentialAction\":[{\"@type\":\"ReadAction\",\"target\":[\"https:\\\/\\\/www.economicpartners.com\\\/fr\\\/dev-communautaire\\\/\"]}]},{\"@type\":\"ImageObject\",\"inLanguage\":\"fr-FR\",\"@id\":\"https:\\\/\\\/www.economicpartners.com\\\/fr\\\/dev-communautaire\\\/#primaryimage\",\"url\":\"https:\\\/\\\/www.economicpartners.com\\\/wp-content\\\/uploads\\\/2025\\\/03\\\/Banner-2_BoardandStaff_1590x420.png\",\"contentUrl\":\"https:\\\/\\\/www.economicpartners.com\\\/wp-content\\\/uploads\\\/2025\\\/03\\\/Banner-2_BoardandStaff_1590x420.png\",\"width\":1590,\"height\":420},{\"@type\":\"BreadcrumbList\",\"@id\":\"https:\\\/\\\/www.economicpartners.com\\\/fr\\\/dev-communautaire\\\/#breadcrumb\",\"itemListElement\":[{\"@type\":\"ListItem\",\"position\":1,\"name\":\"Home\",\"item\":\"https:\\\/\\\/www.economicpartners.com\\\/fr\\\/\"},{\"@type\":\"ListItem\",\"position\":2,\"name\":\"D\u00e9veloppement communautaire\"}]},{\"@type\":\"WebSite\",\"@id\":\"https:\\\/\\\/www.economicpartners.com\\\/fr\\\/#website\",\"url\":\"https:\\\/\\\/www.economicpartners.com\\\/fr\\\/\",\"name\":\"Partenaires dans l\u2019\u00e9conomie Sudbury Est \\\/ Nipissing Ouest Inc.\",\"description\":\"Soci\u00e9t\u00e9s d\u2019aide au d\u00e9veloppement des collectivit\u00e9s\",\"publisher\":{\"@id\":\"https:\\\/\\\/www.economicpartners.com\\\/fr\\\/#organization\"},\"potentialAction\":[{\"@type\":\"SearchAction\",\"target\":{\"@type\":\"EntryPoint\",\"urlTemplate\":\"https:\\\/\\\/www.economicpartners.com\\\/fr\\\/?s={search_term_string}\"},\"query-input\":{\"@type\":\"PropertyValueSpecification\",\"valueRequired\":true,\"valueName\":\"search_term_string\"}}],\"inLanguage\":\"fr-FR\"},{\"@type\":\"Organization\",\"@id\":\"https:\\\/\\\/www.economicpartners.com\\\/fr\\\/#organization\",\"name\":\"Economic Partners Sudbury East\\\/West Nipissing Inc.\",\"url\":\"https:\\\/\\\/www.economicpartners.com\\\/fr\\\/\",\"logo\":{\"@type\":\"ImageObject\",\"inLanguage\":\"fr-FR\",\"@id\":\"https:\\\/\\\/www.economicpartners.com\\\/fr\\\/#\\\/schema\\\/logo\\\/image\\\/\",\"url\":\"https:\\\/\\\/www.economicpartners.com\\\/wp-content\\\/uploads\\\/2021\\\/10\\\/ep_sitelogo_mobile.png\",\"contentUrl\":\"https:\\\/\\\/www.economicpartners.com\\\/wp-content\\\/uploads\\\/2021\\\/10\\\/ep_sitelogo_mobile.png\",\"width\":184,\"height\":125,\"caption\":\"Economic Partners Sudbury East\\\/West Nipissing Inc.\"},\"image\":{\"@id\":\"https:\\\/\\\/www.economicpartners.com\\\/fr\\\/#\\\/schema\\\/logo\\\/image\\\/\"},\"sameAs\":[\"https:\\\/\\\/www.facebook.com\\\/EPSEWN\\\/\"]}]}<\/script>\n<!-- \/ Yoast SEO Premium plugin. -->","yoast_head_json":{"title":"D\u00e9veloppement communautaire | Partenaires dans l\u2019\u00e9conomie Sudbury Est \/ Nipissing Ouest Inc.","robots":{"index":"index","follow":"follow","max-snippet":"max-snippet:-1","max-image-preview":"max-image-preview:large","max-video-preview":"max-video-preview:-1"},"canonical":"https:\/\/www.economicpartners.com\/fr\/dev-communautaire\/","og_locale":"fr_FR","og_type":"article","og_title":"D\u00e9veloppement communautaire","og_description":"Planification et d\u00e9veloppement communautaire La planification strat\u00e9gique est un processus syst\u00e9matique \u00e0 base de consensus qui r\u00e9unit des repr\u00e9sentants de divers int\u00e9r\u00eats de la collectivit\u00e9 pour prendre des d\u00e9cisions concernant les priorit\u00e9s de d\u00e9veloppement communautaire et comment r\u00e9aliser ces priorit\u00e9s. Le plan strat\u00e9gique tient compte des facteurs \u00e9conomiques, sociaux, culturels et environnementaux. Il assigne aux [&hellip;]","og_url":"https:\/\/www.economicpartners.com\/fr\/dev-communautaire\/","og_site_name":"Partenaires dans l\u2019\u00e9conomie Sudbury Est \/ Nipissing Ouest Inc.","article_publisher":"https:\/\/www.facebook.com\/EPSEWN\/","article_modified_time":"2022-02-24T15:59:53+00:00","twitter_card":"summary_large_image","twitter_misc":{"Dur\u00e9e de lecture estim\u00e9e":"2 minutes"},"schema":{"@context":"https:\/\/schema.org","@graph":[{"@type":"WebPage","@id":"https:\/\/www.economicpartners.com\/fr\/dev-communautaire\/","url":"https:\/\/www.economicpartners.com\/fr\/dev-communautaire\/","name":"D\u00e9veloppement communautaire | Partenaires dans l\u2019\u00e9conomie Sudbury Est \/ Nipissing Ouest Inc.","isPartOf":{"@id":"https:\/\/www.economicpartners.com\/fr\/#website"},"primaryImageOfPage":{"@id":"https:\/\/www.economicpartners.com\/fr\/dev-communautaire\/#primaryimage"},"image":{"@id":"https:\/\/www.economicpartners.com\/fr\/dev-communautaire\/#primaryimage"},"thumbnailUrl":"https:\/\/www.economicpartners.com\/wp-content\/uploads\/2025\/03\/Banner-2_BoardandStaff_1590x420.png","datePublished":"2021-04-29T15:24:50+00:00","dateModified":"2022-02-24T15:59:53+00:00","breadcrumb":{"@id":"https:\/\/www.economicpartners.com\/fr\/dev-communautaire\/#breadcrumb"},"inLanguage":"fr-FR","potentialAction":[{"@type":"ReadAction","target":["https:\/\/www.economicpartners.com\/fr\/dev-communautaire\/"]}]},{"@type":"ImageObject","inLanguage":"fr-FR","@id":"https:\/\/www.economicpartners.com\/fr\/dev-communautaire\/#primaryimage","url":"https:\/\/www.economicpartners.com\/wp-content\/uploads\/2025\/03\/Banner-2_BoardandStaff_1590x420.png","contentUrl":"https:\/\/www.economicpartners.com\/wp-content\/uploads\/2025\/03\/Banner-2_BoardandStaff_1590x420.png","width":1590,"height":420},{"@type":"BreadcrumbList","@id":"https:\/\/www.economicpartners.com\/fr\/dev-communautaire\/#breadcrumb","itemListElement":[{"@type":"ListItem","position":1,"name":"Home","item":"https:\/\/www.economicpartners.com\/fr\/"},{"@type":"ListItem","position":2,"name":"D\u00e9veloppement communautaire"}]},{"@type":"WebSite","@id":"https:\/\/www.economicpartners.com\/fr\/#website","url":"https:\/\/www.economicpartners.com\/fr\/","name":"Partenaires dans l\u2019\u00e9conomie Sudbury Est \/ Nipissing Ouest Inc.","description":"Soci\u00e9t\u00e9s d\u2019aide au d\u00e9veloppement des collectivit\u00e9s","publisher":{"@id":"https:\/\/www.economicpartners.com\/fr\/#organization"},"potentialAction":[{"@type":"SearchAction","target":{"@type":"EntryPoint","urlTemplate":"https:\/\/www.economicpartners.com\/fr\/?s={search_term_string}"},"query-input":{"@type":"PropertyValueSpecification","valueRequired":true,"valueName":"search_term_string"}}],"inLanguage":"fr-FR"},{"@type":"Organization","@id":"https:\/\/www.economicpartners.com\/fr\/#organization","name":"Economic Partners Sudbury East\/West Nipissing Inc.","url":"https:\/\/www.economicpartners.com\/fr\/","logo":{"@type":"ImageObject","inLanguage":"fr-FR","@id":"https:\/\/www.economicpartners.com\/fr\/#\/schema\/logo\/image\/","url":"https:\/\/www.economicpartners.com\/wp-content\/uploads\/2021\/10\/ep_sitelogo_mobile.png","contentUrl":"https:\/\/www.economicpartners.com\/wp-content\/uploads\/2021\/10\/ep_sitelogo_mobile.png","width":184,"height":125,"caption":"Economic Partners Sudbury East\/West Nipissing Inc."},"image":{"@id":"https:\/\/www.economicpartners.com\/fr\/#\/schema\/logo\/image\/"},"sameAs":["https:\/\/www.facebook.com\/EPSEWN\/"]}]}},"_links":{"self":[{"href":"https:\/\/www.economicpartners.com\/fr\/wp-json\/wp\/v2\/pages\/83","targetHints":{"allow":["GET"]}}],"collection":[{"href":"https:\/\/www.economicpartners.com\/fr\/wp-json\/wp\/v2\/pages"}],"about":[{"href":"https:\/\/www.economicpartners.com\/fr\/wp-json\/wp\/v2\/types\/page"}],"author":[{"embeddable":true,"href":"https:\/\/www.economicpartners.com\/fr\/wp-json\/wp\/v2\/users\/1"}],"replies":[{"embeddable":true,"href":"https:\/\/www.economicpartners.com\/fr\/wp-json\/wp\/v2\/comments?post=83"}],"version-history":[{"count":0,"href":"https:\/\/www.economicpartners.com\/fr\/wp-json\/wp\/v2\/pages\/83\/revisions"}],"wp:featuredmedia":[{"embeddable":true,"href":"https:\/\/www.economicpartners.com\/fr\/wp-json\/wp\/v2\/media\/3184"}],"wp:attachment":[{"href":"https:\/\/www.economicpartners.com\/fr\/wp-json\/wp\/v2\/media?parent=83"}],"curies":[{"name":"wp","href":"https:\/\/api.w.org\/{rel}","templated":true}]}}