{"id":78,"date":"2021-04-29T11:21:25","date_gmt":"2021-04-29T15:21:25","guid":{"rendered":"https:\/\/www.economicpartners.com\/?page_id=78"},"modified":"2021-10-13T14:54:18","modified_gmt":"2021-10-13T18:54:18","slug":"politiques-sur-la-vie-privee","status":"publish","type":"page","link":"https:\/\/www.economicpartners.com\/fr\/politiques-sur-la-vie-privee\/","title":{"rendered":"Politiques sur la vie priv\u00e9e"},"content":{"rendered":"\t\t<div data-elementor-type=\"wp-page\" data-elementor-id=\"78\" class=\"elementor elementor-78 elementor-3\" data-elementor-post-type=\"page\">\n\t\t\t\t\t\t<section class=\"elementor-section elementor-top-section elementor-element elementor-element-1d0ddb2 elementor-section-boxed elementor-section-height-default elementor-section-height-default\" data-id=\"1d0ddb2\" data-element_type=\"section\" data-e-type=\"section\">\n\t\t\t\t\t\t<div class=\"elementor-container elementor-column-gap-default\">\n\t\t\t\t\t<div class=\"elementor-column elementor-col-100 elementor-top-column elementor-element elementor-element-4c17469\" data-id=\"4c17469\" data-element_type=\"column\" data-e-type=\"column\">\n\t\t\t<div class=\"elementor-widget-wrap elementor-element-populated\">\n\t\t\t\t\t\t<div class=\"elementor-element elementor-element-1576f68 elementor-widget elementor-widget-text-editor\" data-id=\"1576f68\" data-element_type=\"widget\" data-e-type=\"widget\" data-widget_type=\"text-editor.default\">\n\t\t\t\t<div class=\"elementor-widget-container\">\n\t\t\t\t\t\t\t\t\t<ul>\n \t<li>Partenaires dans l\u2019\u00e9conomie Sudbury Est\/Nipissing Ouest Inc. est une organisation communautaire sans but lucratif qui est soutenue par le gouvernement f\u00e9d\u00e9ral, dont le conseil d\u2019administration est constitu\u00e9 de b\u00e9n\u00e9voles et qui compte sur un personnel professionnel. Elle soutient le d\u00e9veloppement \u00e9conomique des collectivit\u00e9s et la croissance des petites entreprises \u00e0 l\u2019aide de pr\u00eats commerciaux et de garanties de pr\u00eats.<\/li><br>\n \t<li>Partenaires dans l\u2019\u00e9conomie veille \u00e0 assurer que les affaires professionnelles et personnelles de nos clients demeurent confidentielles et priv\u00e9es. Partenaires dans l\u2019\u00e9conomie adh\u00e8re \u00e0 la Loi sur la protection des renseignements personnels et les documents \u00e9lectroniques (LPRPDE). La LPRPDE d\u00e9finit les r\u00e8gles qui r\u00e9gissent la collecte, l\u2019utilisation et la divulgation des renseignements personnels d\u2019un client et prot\u00e8ge ces renseignements dans le cours des activit\u00e9s commerciales, comme le d\u00e9finit la l\u00e9gislation.<\/li>\n<\/ul>\t\t\t\t\t\t\t\t<\/div>\n\t\t\t\t<\/div>\n\t\t\t\t<div class=\"elementor-element elementor-element-943a5ea elementor-widget elementor-widget-text-editor\" data-id=\"943a5ea\" data-element_type=\"widget\" data-e-type=\"widget\" data-widget_type=\"text-editor.default\">\n\t\t\t\t<div class=\"elementor-widget-container\">\n\t\t\t\t\t\t\t\t\tSi vous avez des questions au sujet de la Politique en mati\u00e8re de respect de la vie priv\u00e9e de la Soci\u00e9t\u00e9 d\u2019aide au d\u00e9veloppement des collectivit\u00e9s Partenaires dans l\u2019\u00e9conomie Sudbury Est\/Nipissing Ouest Inc. veuillez entrer en communication avec: \t\t\t\t\t\t\t\t<\/div>\n\t\t\t\t<\/div>\n\t\t\t\t\t<\/div>\n\t\t<\/div>\n\t\t\t\t\t<\/div>\n\t\t<\/section>\n\t\t\t\t<section class=\"elementor-section elementor-top-section elementor-element elementor-element-8ff5b90 elementor-section-boxed elementor-section-height-default elementor-section-height-default\" data-id=\"8ff5b90\" data-element_type=\"section\" data-e-type=\"section\">\n\t\t\t\t\t\t<div class=\"elementor-container elementor-column-gap-default\">\n\t\t\t\t\t<div class=\"elementor-column elementor-col-100 elementor-top-column elementor-element elementor-element-2ef85c0\" data-id=\"2ef85c0\" data-element_type=\"column\" data-e-type=\"column\">\n\t\t\t<div class=\"elementor-widget-wrap elementor-element-populated\">\n\t\t\t\t\t\t<div class=\"elementor-element elementor-element-24db379 elementor-widget elementor-widget-text-editor\" data-id=\"24db379\" data-element_type=\"widget\" data-e-type=\"widget\" data-widget_type=\"text-editor.default\">\n\t\t\t\t<div class=\"elementor-widget-container\">\n\t\t\t\t\t\t\t\t\t<h3>Neil<strong> V. Fox &#8211; Directeur g\u00e9n\u00e9ral<\/strong><\/h3><p><strong>Par telephone :<\/strong> 705-753-5450 ext. 229<br \/><strong>Par t\u00e9l\u00e9copieur :<\/strong> 705-753-3456<br \/><strong>Par courriel : <\/strong><a href=\"mailto:neil.fox@economicpartners.com\">neil.fox@economicpartners.com<\/a><\/p><p><strong>Par la poste :<\/strong><br \/>Partenaires dans l\u2019\u00e9conomie Sudbury Est\/Nipissing Ouest Inc.<br \/>Attention : Directeur g\u00e9n\u00e9ral<\/p><p>30 rue Front, unit\u00e9 A., Sturgeon Falls, ON P2B 3L4<\/p>\t\t\t\t\t\t\t\t<\/div>\n\t\t\t\t<\/div>\n\t\t\t\t\t<\/div>\n\t\t<\/div>\n\t\t\t\t\t<\/div>\n\t\t<\/section>\n\t\t\t\t<\/div>\n\t\t","protected":false},"excerpt":{"rendered":"<p>Partenaires dans l\u2019\u00e9conomie Sudbury Est\/Nipissing Ouest Inc. est une organisation communautaire sans but lucratif qui est soutenue par le gouvernement f\u00e9d\u00e9ral, dont le conseil d\u2019administration est constitu\u00e9 de b\u00e9n\u00e9voles et qui compte sur un personnel professionnel. Elle soutient le d\u00e9veloppement \u00e9conomique des collectivit\u00e9s et la croissance des petites entreprises \u00e0 l\u2019aide de pr\u00eats commerciaux et [&hellip;]<\/p>\n","protected":false},"author":1,"featured_media":0,"parent":0,"menu_order":0,"comment_status":"closed","ping_status":"open","template":"","meta":{"_acf_changed":false,"footnotes":""},"class_list":["post-78","page","type-page","status-publish","hentry"],"acf":[],"yoast_head":"<!-- This site is optimized with the Yoast SEO Premium plugin v27.5 (Yoast SEO v27.5) - https:\/\/yoast.com\/product\/yoast-seo-premium-wordpress\/ -->\n<title>Politiques sur la vie priv\u00e9e | Partenaires dans l\u2019\u00e9conomie Sudbury Est \/ Nipissing Ouest Inc.<\/title>\n<meta name=\"robots\" content=\"index, follow, max-snippet:-1, max-image-preview:large, max-video-preview:-1\" \/>\n<link rel=\"canonical\" href=\"https:\/\/www.economicpartners.com\/fr\/politiques-sur-la-vie-privee\/\" \/>\n<meta property=\"og:locale\" content=\"fr_FR\" \/>\n<meta property=\"og:type\" content=\"article\" \/>\n<meta property=\"og:title\" content=\"Politiques sur la vie priv\u00e9e\" \/>\n<meta property=\"og:description\" content=\"Partenaires dans l\u2019\u00e9conomie Sudbury Est\/Nipissing Ouest Inc. est une organisation communautaire sans but lucratif qui est soutenue par le gouvernement f\u00e9d\u00e9ral, dont le conseil d\u2019administration est constitu\u00e9 de b\u00e9n\u00e9voles et qui compte sur un personnel professionnel. Elle soutient le d\u00e9veloppement \u00e9conomique des collectivit\u00e9s et la croissance des petites entreprises \u00e0 l\u2019aide de pr\u00eats commerciaux et [&hellip;]\" \/>\n<meta property=\"og:url\" content=\"https:\/\/www.economicpartners.com\/fr\/politiques-sur-la-vie-privee\/\" \/>\n<meta property=\"og:site_name\" content=\"Partenaires dans l\u2019\u00e9conomie Sudbury Est \/ Nipissing Ouest Inc.\" \/>\n<meta property=\"article:publisher\" content=\"https:\/\/www.facebook.com\/EPSEWN\/\" \/>\n<meta property=\"article:modified_time\" content=\"2021-10-13T18:54:18+00:00\" \/>\n<meta name=\"twitter:card\" content=\"summary_large_image\" \/>\n<meta name=\"twitter:label1\" content=\"Dur\u00e9e de lecture estim\u00e9e\" \/>\n\t<meta name=\"twitter:data1\" content=\"1 minute\" \/>\n<script type=\"application\/ld+json\" class=\"yoast-schema-graph\">{\"@context\":\"https:\\\/\\\/schema.org\",\"@graph\":[{\"@type\":\"WebPage\",\"@id\":\"https:\\\/\\\/www.economicpartners.com\\\/fr\\\/politiques-sur-la-vie-privee\\\/\",\"url\":\"https:\\\/\\\/www.economicpartners.com\\\/fr\\\/politiques-sur-la-vie-privee\\\/\",\"name\":\"Politiques sur la vie priv\u00e9e | Partenaires dans l\u2019\u00e9conomie Sudbury Est \\\/ Nipissing Ouest Inc.\",\"isPartOf\":{\"@id\":\"https:\\\/\\\/www.economicpartners.com\\\/fr\\\/#website\"},\"datePublished\":\"2021-04-29T15:21:25+00:00\",\"dateModified\":\"2021-10-13T18:54:18+00:00\",\"breadcrumb\":{\"@id\":\"https:\\\/\\\/www.economicpartners.com\\\/fr\\\/politiques-sur-la-vie-privee\\\/#breadcrumb\"},\"inLanguage\":\"fr-FR\",\"potentialAction\":[{\"@type\":\"ReadAction\",\"target\":[\"https:\\\/\\\/www.economicpartners.com\\\/fr\\\/politiques-sur-la-vie-privee\\\/\"]}]},{\"@type\":\"BreadcrumbList\",\"@id\":\"https:\\\/\\\/www.economicpartners.com\\\/fr\\\/politiques-sur-la-vie-privee\\\/#breadcrumb\",\"itemListElement\":[{\"@type\":\"ListItem\",\"position\":1,\"name\":\"Home\",\"item\":\"https:\\\/\\\/www.economicpartners.com\\\/fr\\\/\"},{\"@type\":\"ListItem\",\"position\":2,\"name\":\"Politiques sur la vie priv\u00e9e\"}]},{\"@type\":\"WebSite\",\"@id\":\"https:\\\/\\\/www.economicpartners.com\\\/fr\\\/#website\",\"url\":\"https:\\\/\\\/www.economicpartners.com\\\/fr\\\/\",\"name\":\"Partenaires dans l\u2019\u00e9conomie Sudbury Est \\\/ Nipissing Ouest Inc.\",\"description\":\"Soci\u00e9t\u00e9s d\u2019aide au d\u00e9veloppement des collectivit\u00e9s\",\"publisher\":{\"@id\":\"https:\\\/\\\/www.economicpartners.com\\\/fr\\\/#organization\"},\"potentialAction\":[{\"@type\":\"SearchAction\",\"target\":{\"@type\":\"EntryPoint\",\"urlTemplate\":\"https:\\\/\\\/www.economicpartners.com\\\/fr\\\/?s={search_term_string}\"},\"query-input\":{\"@type\":\"PropertyValueSpecification\",\"valueRequired\":true,\"valueName\":\"search_term_string\"}}],\"inLanguage\":\"fr-FR\"},{\"@type\":\"Organization\",\"@id\":\"https:\\\/\\\/www.economicpartners.com\\\/fr\\\/#organization\",\"name\":\"Economic Partners Sudbury East\\\/West Nipissing Inc.\",\"url\":\"https:\\\/\\\/www.economicpartners.com\\\/fr\\\/\",\"logo\":{\"@type\":\"ImageObject\",\"inLanguage\":\"fr-FR\",\"@id\":\"https:\\\/\\\/www.economicpartners.com\\\/fr\\\/#\\\/schema\\\/logo\\\/image\\\/\",\"url\":\"https:\\\/\\\/www.economicpartners.com\\\/wp-content\\\/uploads\\\/2021\\\/10\\\/ep_sitelogo_mobile.png\",\"contentUrl\":\"https:\\\/\\\/www.economicpartners.com\\\/wp-content\\\/uploads\\\/2021\\\/10\\\/ep_sitelogo_mobile.png\",\"width\":184,\"height\":125,\"caption\":\"Economic Partners Sudbury East\\\/West Nipissing Inc.\"},\"image\":{\"@id\":\"https:\\\/\\\/www.economicpartners.com\\\/fr\\\/#\\\/schema\\\/logo\\\/image\\\/\"},\"sameAs\":[\"https:\\\/\\\/www.facebook.com\\\/EPSEWN\\\/\"]}]}<\/script>\n<!-- \/ Yoast SEO Premium plugin. -->","yoast_head_json":{"title":"Politiques sur la vie priv\u00e9e | Partenaires dans l\u2019\u00e9conomie Sudbury Est \/ Nipissing Ouest Inc.","robots":{"index":"index","follow":"follow","max-snippet":"max-snippet:-1","max-image-preview":"max-image-preview:large","max-video-preview":"max-video-preview:-1"},"canonical":"https:\/\/www.economicpartners.com\/fr\/politiques-sur-la-vie-privee\/","og_locale":"fr_FR","og_type":"article","og_title":"Politiques sur la vie priv\u00e9e","og_description":"Partenaires dans l\u2019\u00e9conomie Sudbury Est\/Nipissing Ouest Inc. est une organisation communautaire sans but lucratif qui est soutenue par le gouvernement f\u00e9d\u00e9ral, dont le conseil d\u2019administration est constitu\u00e9 de b\u00e9n\u00e9voles et qui compte sur un personnel professionnel. Elle soutient le d\u00e9veloppement \u00e9conomique des collectivit\u00e9s et la croissance des petites entreprises \u00e0 l\u2019aide de pr\u00eats commerciaux et [&hellip;]","og_url":"https:\/\/www.economicpartners.com\/fr\/politiques-sur-la-vie-privee\/","og_site_name":"Partenaires dans l\u2019\u00e9conomie Sudbury Est \/ Nipissing Ouest Inc.","article_publisher":"https:\/\/www.facebook.com\/EPSEWN\/","article_modified_time":"2021-10-13T18:54:18+00:00","twitter_card":"summary_large_image","twitter_misc":{"Dur\u00e9e de lecture estim\u00e9e":"1 minute"},"schema":{"@context":"https:\/\/schema.org","@graph":[{"@type":"WebPage","@id":"https:\/\/www.economicpartners.com\/fr\/politiques-sur-la-vie-privee\/","url":"https:\/\/www.economicpartners.com\/fr\/politiques-sur-la-vie-privee\/","name":"Politiques sur la vie priv\u00e9e | Partenaires dans l\u2019\u00e9conomie Sudbury Est \/ Nipissing Ouest Inc.","isPartOf":{"@id":"https:\/\/www.economicpartners.com\/fr\/#website"},"datePublished":"2021-04-29T15:21:25+00:00","dateModified":"2021-10-13T18:54:18+00:00","breadcrumb":{"@id":"https:\/\/www.economicpartners.com\/fr\/politiques-sur-la-vie-privee\/#breadcrumb"},"inLanguage":"fr-FR","potentialAction":[{"@type":"ReadAction","target":["https:\/\/www.economicpartners.com\/fr\/politiques-sur-la-vie-privee\/"]}]},{"@type":"BreadcrumbList","@id":"https:\/\/www.economicpartners.com\/fr\/politiques-sur-la-vie-privee\/#breadcrumb","itemListElement":[{"@type":"ListItem","position":1,"name":"Home","item":"https:\/\/www.economicpartners.com\/fr\/"},{"@type":"ListItem","position":2,"name":"Politiques sur la vie priv\u00e9e"}]},{"@type":"WebSite","@id":"https:\/\/www.economicpartners.com\/fr\/#website","url":"https:\/\/www.economicpartners.com\/fr\/","name":"Partenaires dans l\u2019\u00e9conomie Sudbury Est \/ Nipissing Ouest Inc.","description":"Soci\u00e9t\u00e9s d\u2019aide au d\u00e9veloppement des collectivit\u00e9s","publisher":{"@id":"https:\/\/www.economicpartners.com\/fr\/#organization"},"potentialAction":[{"@type":"SearchAction","target":{"@type":"EntryPoint","urlTemplate":"https:\/\/www.economicpartners.com\/fr\/?s={search_term_string}"},"query-input":{"@type":"PropertyValueSpecification","valueRequired":true,"valueName":"search_term_string"}}],"inLanguage":"fr-FR"},{"@type":"Organization","@id":"https:\/\/www.economicpartners.com\/fr\/#organization","name":"Economic Partners Sudbury East\/West Nipissing Inc.","url":"https:\/\/www.economicpartners.com\/fr\/","logo":{"@type":"ImageObject","inLanguage":"fr-FR","@id":"https:\/\/www.economicpartners.com\/fr\/#\/schema\/logo\/image\/","url":"https:\/\/www.economicpartners.com\/wp-content\/uploads\/2021\/10\/ep_sitelogo_mobile.png","contentUrl":"https:\/\/www.economicpartners.com\/wp-content\/uploads\/2021\/10\/ep_sitelogo_mobile.png","width":184,"height":125,"caption":"Economic Partners Sudbury East\/West Nipissing Inc."},"image":{"@id":"https:\/\/www.economicpartners.com\/fr\/#\/schema\/logo\/image\/"},"sameAs":["https:\/\/www.facebook.com\/EPSEWN\/"]}]}},"_links":{"self":[{"href":"https:\/\/www.economicpartners.com\/fr\/wp-json\/wp\/v2\/pages\/78","targetHints":{"allow":["GET"]}}],"collection":[{"href":"https:\/\/www.economicpartners.com\/fr\/wp-json\/wp\/v2\/pages"}],"about":[{"href":"https:\/\/www.economicpartners.com\/fr\/wp-json\/wp\/v2\/types\/page"}],"author":[{"embeddable":true,"href":"https:\/\/www.economicpartners.com\/fr\/wp-json\/wp\/v2\/users\/1"}],"replies":[{"embeddable":true,"href":"https:\/\/www.economicpartners.com\/fr\/wp-json\/wp\/v2\/comments?post=78"}],"version-history":[{"count":0,"href":"https:\/\/www.economicpartners.com\/fr\/wp-json\/wp\/v2\/pages\/78\/revisions"}],"wp:attachment":[{"href":"https:\/\/www.economicpartners.com\/fr\/wp-json\/wp\/v2\/media?parent=78"}],"curies":[{"name":"wp","href":"https:\/\/api.w.org\/{rel}","templated":true}]}}