{"id":75,"date":"2021-04-29T11:20:31","date_gmt":"2021-04-29T15:20:31","guid":{"rendered":"https:\/\/www.economicpartners.com\/?page_id=75"},"modified":"2021-10-13T16:23:50","modified_gmt":"2021-10-13T20:23:50","slug":"contactez-nous","status":"publish","type":"page","link":"https:\/\/www.economicpartners.com\/fr\/contactez-nous\/","title":{"rendered":"Contactez-nous"},"content":{"rendered":"\t\t<div data-elementor-type=\"wp-page\" data-elementor-id=\"75\" class=\"elementor elementor-75 elementor-27\" data-elementor-post-type=\"page\">\n\t\t\t\t\t\t<section class=\"elementor-section elementor-top-section elementor-element elementor-element-9f94479 elementor-section-boxed elementor-section-height-default elementor-section-height-default\" data-id=\"9f94479\" data-element_type=\"section\" data-e-type=\"section\">\n\t\t\t\t\t\t<div class=\"elementor-container elementor-column-gap-default\">\n\t\t\t\t\t<div class=\"elementor-column elementor-col-100 elementor-top-column elementor-element elementor-element-9d2729b\" data-id=\"9d2729b\" data-element_type=\"column\" data-e-type=\"column\">\n\t\t\t<div class=\"elementor-widget-wrap elementor-element-populated\">\n\t\t\t\t\t\t<div class=\"elementor-element elementor-element-b18bbb3 elementor-widget elementor-widget-text-editor\" data-id=\"b18bbb3\" data-element_type=\"widget\" data-e-type=\"widget\" data-widget_type=\"text-editor.default\">\n\t\t\t\t<div class=\"elementor-widget-container\">\n\t\t\t\t\t\t\t\t\t<p><strong>lundi \u2013 vendredi:<\/strong> 8h30 \u00e0 16h30<br \/><strong>samedi \u2013 dimanche:<\/strong> Fermer<\/p><p><strong>Sans-frais:<\/strong> 1-866-448-4478<br \/><strong>T\u00e9l\u00e9phone:<\/strong> 705-753-5450<br \/><strong>T\u00e9l\u00e9copieur:<\/strong> 705-753-3456<br \/><strong>Courriel: <\/strong><a href=\"mailto:neil.fox@economicpartners.com\">neil.fox@economicpartners.com<\/a><\/p><p><strong>Adresse:<\/strong><br \/>30 rue Front, unit\u00e9 A., Sturgeon Falls, ON P2B 3L4<\/p>\t\t\t\t\t\t\t\t<\/div>\n\t\t\t\t<\/div>\n\t\t\t\t\t<\/div>\n\t\t<\/div>\n\t\t\t\t\t<\/div>\n\t\t<\/section>\n\t\t\t\t<section class=\"elementor-section elementor-top-section elementor-element elementor-element-5b6f876 elementor-section-boxed elementor-section-height-default elementor-section-height-default\" data-id=\"5b6f876\" data-element_type=\"section\" data-e-type=\"section\">\n\t\t\t\t\t\t<div class=\"elementor-container elementor-column-gap-default\">\n\t\t\t\t\t<div class=\"elementor-column elementor-col-100 elementor-top-column elementor-element elementor-element-9b7742a\" data-id=\"9b7742a\" data-element_type=\"column\" data-e-type=\"column\">\n\t\t\t<div class=\"elementor-widget-wrap elementor-element-populated\">\n\t\t\t\t\t\t<div class=\"elementor-element elementor-element-0a4bb89 elementor-widget elementor-widget-google_maps\" data-id=\"0a4bb89\" data-element_type=\"widget\" data-e-type=\"widget\" data-widget_type=\"google_maps.default\">\n\t\t\t\t<div class=\"elementor-widget-container\">\n\t\t\t\t\t\t\t<div class=\"elementor-custom-embed\">\n\t\t\t<iframe loading=\"lazy\"\n\t\t\t\t\tsrc=\"https:\/\/maps.google.com\/maps?q=Economic%20Partners%2030%20Front%20Street%2C%20Unit%20A%20Sturgeon%20Falls%2C%20ON%20P2B%203L4&#038;t=m&#038;z=10&#038;output=embed&#038;iwloc=near\"\n\t\t\t\t\ttitle=\"Economic Partners 30 Front Street, Unit A Sturgeon Falls, ON P2B 3L4\"\n\t\t\t\t\taria-label=\"Economic Partners 30 Front Street, Unit A Sturgeon Falls, ON P2B 3L4\"\n\t\t\t><\/iframe>\n\t\t<\/div>\n\t\t\t\t\t\t<\/div>\n\t\t\t\t<\/div>\n\t\t\t\t\t<\/div>\n\t\t<\/div>\n\t\t\t\t\t<\/div>\n\t\t<\/section>\n\t\t\t\t<\/div>\n\t\t","protected":false},"excerpt":{"rendered":"<p>lundi \u2013 vendredi: 8h30 \u00e0 16h30samedi \u2013 dimanche: Fermer Sans-frais: 1-866-448-4478T\u00e9l\u00e9phone: 705-753-5450T\u00e9l\u00e9copieur: 705-753-3456Courriel: neil.fox@economicpartners.com Adresse:30 rue Front, unit\u00e9 A., Sturgeon Falls, ON P2B 3L4<\/p>\n","protected":false},"author":1,"featured_media":3186,"parent":0,"menu_order":0,"comment_status":"closed","ping_status":"closed","template":"","meta":{"_acf_changed":false,"footnotes":""},"class_list":["post-75","page","type-page","status-publish","has-post-thumbnail","hentry"],"acf":[],"yoast_head":"<!-- This site is optimized with the Yoast SEO Premium plugin v27.5 (Yoast SEO v27.5) - https:\/\/yoast.com\/product\/yoast-seo-premium-wordpress\/ -->\n<title>Contactez-nous | Partenaires dans l\u2019\u00e9conomie Sudbury Est \/ Nipissing Ouest Inc.<\/title>\n<meta name=\"robots\" content=\"index, follow, max-snippet:-1, max-image-preview:large, max-video-preview:-1\" \/>\n<link rel=\"canonical\" href=\"https:\/\/www.economicpartners.com\/fr\/contactez-nous\/\" \/>\n<meta property=\"og:locale\" content=\"fr_FR\" \/>\n<meta property=\"og:type\" content=\"article\" \/>\n<meta property=\"og:title\" content=\"Contactez-nous\" \/>\n<meta property=\"og:description\" content=\"lundi \u2013 vendredi: 8h30 \u00e0 16h30samedi \u2013 dimanche: Fermer Sans-frais: 1-866-448-4478T\u00e9l\u00e9phone: 705-753-5450T\u00e9l\u00e9copieur: 705-753-3456Courriel: neil.fox@economicpartners.com Adresse:30 rue Front, unit\u00e9 A., Sturgeon Falls, ON P2B 3L4\" \/>\n<meta property=\"og:url\" content=\"https:\/\/www.economicpartners.com\/fr\/contactez-nous\/\" \/>\n<meta property=\"og:site_name\" content=\"Partenaires dans l\u2019\u00e9conomie Sudbury Est \/ Nipissing Ouest Inc.\" \/>\n<meta property=\"article:publisher\" content=\"https:\/\/www.facebook.com\/EPSEWN\/\" \/>\n<meta property=\"article:modified_time\" content=\"2021-10-13T20:23:50+00:00\" \/>\n<meta property=\"og:image\" content=\"https:\/\/www.economicpartners.com\/wp-content\/uploads\/2021\/10\/contact-2.jpg\" \/>\n\t<meta property=\"og:image:width\" content=\"2560\" \/>\n\t<meta property=\"og:image:height\" content=\"1743\" \/>\n\t<meta property=\"og:image:type\" content=\"image\/jpeg\" \/>\n<meta name=\"twitter:card\" content=\"summary_large_image\" \/>\n<script type=\"application\/ld+json\" class=\"yoast-schema-graph\">{\"@context\":\"https:\\\/\\\/schema.org\",\"@graph\":[{\"@type\":\"WebPage\",\"@id\":\"https:\\\/\\\/www.economicpartners.com\\\/fr\\\/contactez-nous\\\/\",\"url\":\"https:\\\/\\\/www.economicpartners.com\\\/fr\\\/contactez-nous\\\/\",\"name\":\"Contactez-nous | Partenaires dans l\u2019\u00e9conomie Sudbury Est \\\/ Nipissing Ouest Inc.\",\"isPartOf\":{\"@id\":\"https:\\\/\\\/www.economicpartners.com\\\/fr\\\/#website\"},\"primaryImageOfPage\":{\"@id\":\"https:\\\/\\\/www.economicpartners.com\\\/fr\\\/contactez-nous\\\/#primaryimage\"},\"image\":{\"@id\":\"https:\\\/\\\/www.economicpartners.com\\\/fr\\\/contactez-nous\\\/#primaryimage\"},\"thumbnailUrl\":\"https:\\\/\\\/www.economicpartners.com\\\/wp-content\\\/uploads\\\/2025\\\/03\\\/Banner-3_1590x420.png\",\"datePublished\":\"2021-04-29T15:20:31+00:00\",\"dateModified\":\"2021-10-13T20:23:50+00:00\",\"breadcrumb\":{\"@id\":\"https:\\\/\\\/www.economicpartners.com\\\/fr\\\/contactez-nous\\\/#breadcrumb\"},\"inLanguage\":\"fr-FR\",\"potentialAction\":[{\"@type\":\"ReadAction\",\"target\":[\"https:\\\/\\\/www.economicpartners.com\\\/fr\\\/contactez-nous\\\/\"]}]},{\"@type\":\"ImageObject\",\"inLanguage\":\"fr-FR\",\"@id\":\"https:\\\/\\\/www.economicpartners.com\\\/fr\\\/contactez-nous\\\/#primaryimage\",\"url\":\"https:\\\/\\\/www.economicpartners.com\\\/wp-content\\\/uploads\\\/2025\\\/03\\\/Banner-3_1590x420.png\",\"contentUrl\":\"https:\\\/\\\/www.economicpartners.com\\\/wp-content\\\/uploads\\\/2025\\\/03\\\/Banner-3_1590x420.png\",\"width\":1590,\"height\":420},{\"@type\":\"BreadcrumbList\",\"@id\":\"https:\\\/\\\/www.economicpartners.com\\\/fr\\\/contactez-nous\\\/#breadcrumb\",\"itemListElement\":[{\"@type\":\"ListItem\",\"position\":1,\"name\":\"Home\",\"item\":\"https:\\\/\\\/www.economicpartners.com\\\/fr\\\/\"},{\"@type\":\"ListItem\",\"position\":2,\"name\":\"Contactez-nous\"}]},{\"@type\":\"WebSite\",\"@id\":\"https:\\\/\\\/www.economicpartners.com\\\/fr\\\/#website\",\"url\":\"https:\\\/\\\/www.economicpartners.com\\\/fr\\\/\",\"name\":\"Partenaires dans l\u2019\u00e9conomie Sudbury Est \\\/ Nipissing Ouest Inc.\",\"description\":\"Soci\u00e9t\u00e9s d\u2019aide au d\u00e9veloppement des collectivit\u00e9s\",\"publisher\":{\"@id\":\"https:\\\/\\\/www.economicpartners.com\\\/fr\\\/#organization\"},\"potentialAction\":[{\"@type\":\"SearchAction\",\"target\":{\"@type\":\"EntryPoint\",\"urlTemplate\":\"https:\\\/\\\/www.economicpartners.com\\\/fr\\\/?s={search_term_string}\"},\"query-input\":{\"@type\":\"PropertyValueSpecification\",\"valueRequired\":true,\"valueName\":\"search_term_string\"}}],\"inLanguage\":\"fr-FR\"},{\"@type\":\"Organization\",\"@id\":\"https:\\\/\\\/www.economicpartners.com\\\/fr\\\/#organization\",\"name\":\"Economic Partners Sudbury East\\\/West Nipissing Inc.\",\"url\":\"https:\\\/\\\/www.economicpartners.com\\\/fr\\\/\",\"logo\":{\"@type\":\"ImageObject\",\"inLanguage\":\"fr-FR\",\"@id\":\"https:\\\/\\\/www.economicpartners.com\\\/fr\\\/#\\\/schema\\\/logo\\\/image\\\/\",\"url\":\"https:\\\/\\\/www.economicpartners.com\\\/wp-content\\\/uploads\\\/2021\\\/10\\\/ep_sitelogo_mobile.png\",\"contentUrl\":\"https:\\\/\\\/www.economicpartners.com\\\/wp-content\\\/uploads\\\/2021\\\/10\\\/ep_sitelogo_mobile.png\",\"width\":184,\"height\":125,\"caption\":\"Economic Partners Sudbury East\\\/West Nipissing Inc.\"},\"image\":{\"@id\":\"https:\\\/\\\/www.economicpartners.com\\\/fr\\\/#\\\/schema\\\/logo\\\/image\\\/\"},\"sameAs\":[\"https:\\\/\\\/www.facebook.com\\\/EPSEWN\\\/\"]}]}<\/script>\n<!-- \/ Yoast SEO Premium plugin. -->","yoast_head_json":{"title":"Contactez-nous | Partenaires dans l\u2019\u00e9conomie Sudbury Est \/ Nipissing Ouest Inc.","robots":{"index":"index","follow":"follow","max-snippet":"max-snippet:-1","max-image-preview":"max-image-preview:large","max-video-preview":"max-video-preview:-1"},"canonical":"https:\/\/www.economicpartners.com\/fr\/contactez-nous\/","og_locale":"fr_FR","og_type":"article","og_title":"Contactez-nous","og_description":"lundi \u2013 vendredi: 8h30 \u00e0 16h30samedi \u2013 dimanche: Fermer Sans-frais: 1-866-448-4478T\u00e9l\u00e9phone: 705-753-5450T\u00e9l\u00e9copieur: 705-753-3456Courriel: neil.fox@economicpartners.com Adresse:30 rue Front, unit\u00e9 A., Sturgeon Falls, ON P2B 3L4","og_url":"https:\/\/www.economicpartners.com\/fr\/contactez-nous\/","og_site_name":"Partenaires dans l\u2019\u00e9conomie Sudbury Est \/ Nipissing Ouest Inc.","article_publisher":"https:\/\/www.facebook.com\/EPSEWN\/","article_modified_time":"2021-10-13T20:23:50+00:00","og_image":[{"width":2560,"height":1743,"url":"https:\/\/www.economicpartners.com\/wp-content\/uploads\/2021\/10\/contact-2.jpg","type":"image\/jpeg"}],"twitter_card":"summary_large_image","schema":{"@context":"https:\/\/schema.org","@graph":[{"@type":"WebPage","@id":"https:\/\/www.economicpartners.com\/fr\/contactez-nous\/","url":"https:\/\/www.economicpartners.com\/fr\/contactez-nous\/","name":"Contactez-nous | Partenaires dans l\u2019\u00e9conomie Sudbury Est \/ Nipissing Ouest Inc.","isPartOf":{"@id":"https:\/\/www.economicpartners.com\/fr\/#website"},"primaryImageOfPage":{"@id":"https:\/\/www.economicpartners.com\/fr\/contactez-nous\/#primaryimage"},"image":{"@id":"https:\/\/www.economicpartners.com\/fr\/contactez-nous\/#primaryimage"},"thumbnailUrl":"https:\/\/www.economicpartners.com\/wp-content\/uploads\/2025\/03\/Banner-3_1590x420.png","datePublished":"2021-04-29T15:20:31+00:00","dateModified":"2021-10-13T20:23:50+00:00","breadcrumb":{"@id":"https:\/\/www.economicpartners.com\/fr\/contactez-nous\/#breadcrumb"},"inLanguage":"fr-FR","potentialAction":[{"@type":"ReadAction","target":["https:\/\/www.economicpartners.com\/fr\/contactez-nous\/"]}]},{"@type":"ImageObject","inLanguage":"fr-FR","@id":"https:\/\/www.economicpartners.com\/fr\/contactez-nous\/#primaryimage","url":"https:\/\/www.economicpartners.com\/wp-content\/uploads\/2025\/03\/Banner-3_1590x420.png","contentUrl":"https:\/\/www.economicpartners.com\/wp-content\/uploads\/2025\/03\/Banner-3_1590x420.png","width":1590,"height":420},{"@type":"BreadcrumbList","@id":"https:\/\/www.economicpartners.com\/fr\/contactez-nous\/#breadcrumb","itemListElement":[{"@type":"ListItem","position":1,"name":"Home","item":"https:\/\/www.economicpartners.com\/fr\/"},{"@type":"ListItem","position":2,"name":"Contactez-nous"}]},{"@type":"WebSite","@id":"https:\/\/www.economicpartners.com\/fr\/#website","url":"https:\/\/www.economicpartners.com\/fr\/","name":"Partenaires dans l\u2019\u00e9conomie Sudbury Est \/ Nipissing Ouest Inc.","description":"Soci\u00e9t\u00e9s d\u2019aide au d\u00e9veloppement des collectivit\u00e9s","publisher":{"@id":"https:\/\/www.economicpartners.com\/fr\/#organization"},"potentialAction":[{"@type":"SearchAction","target":{"@type":"EntryPoint","urlTemplate":"https:\/\/www.economicpartners.com\/fr\/?s={search_term_string}"},"query-input":{"@type":"PropertyValueSpecification","valueRequired":true,"valueName":"search_term_string"}}],"inLanguage":"fr-FR"},{"@type":"Organization","@id":"https:\/\/www.economicpartners.com\/fr\/#organization","name":"Economic Partners Sudbury East\/West Nipissing Inc.","url":"https:\/\/www.economicpartners.com\/fr\/","logo":{"@type":"ImageObject","inLanguage":"fr-FR","@id":"https:\/\/www.economicpartners.com\/fr\/#\/schema\/logo\/image\/","url":"https:\/\/www.economicpartners.com\/wp-content\/uploads\/2021\/10\/ep_sitelogo_mobile.png","contentUrl":"https:\/\/www.economicpartners.com\/wp-content\/uploads\/2021\/10\/ep_sitelogo_mobile.png","width":184,"height":125,"caption":"Economic Partners Sudbury East\/West Nipissing Inc."},"image":{"@id":"https:\/\/www.economicpartners.com\/fr\/#\/schema\/logo\/image\/"},"sameAs":["https:\/\/www.facebook.com\/EPSEWN\/"]}]}},"_links":{"self":[{"href":"https:\/\/www.economicpartners.com\/fr\/wp-json\/wp\/v2\/pages\/75","targetHints":{"allow":["GET"]}}],"collection":[{"href":"https:\/\/www.economicpartners.com\/fr\/wp-json\/wp\/v2\/pages"}],"about":[{"href":"https:\/\/www.economicpartners.com\/fr\/wp-json\/wp\/v2\/types\/page"}],"author":[{"embeddable":true,"href":"https:\/\/www.economicpartners.com\/fr\/wp-json\/wp\/v2\/users\/1"}],"replies":[{"embeddable":true,"href":"https:\/\/www.economicpartners.com\/fr\/wp-json\/wp\/v2\/comments?post=75"}],"version-history":[{"count":0,"href":"https:\/\/www.economicpartners.com\/fr\/wp-json\/wp\/v2\/pages\/75\/revisions"}],"wp:featuredmedia":[{"embeddable":true,"href":"https:\/\/www.economicpartners.com\/fr\/wp-json\/wp\/v2\/media\/3186"}],"wp:attachment":[{"href":"https:\/\/www.economicpartners.com\/fr\/wp-json\/wp\/v2\/media?parent=75"}],"curies":[{"name":"wp","href":"https:\/\/api.w.org\/{rel}","templated":true}]}}