{"id":16,"date":"2021-04-29T10:31:10","date_gmt":"2021-04-29T14:31:10","guid":{"rendered":"https:\/\/www.economicpartners.com\/?page_id=16"},"modified":"2024-05-09T13:03:13","modified_gmt":"2024-05-09T17:03:13","slug":"homepage-fr","status":"publish","type":"page","link":"https:\/\/www.economicpartners.com\/fr\/","title":{"rendered":"Accueil"},"content":{"rendered":"\t\t<div data-elementor-type=\"wp-page\" data-elementor-id=\"16\" class=\"elementor elementor-16 elementor-10\" data-elementor-post-type=\"page\">\n\t\t\t\t\t\t<section class=\"elementor-section elementor-top-section elementor-element elementor-element-42c2af1 elementor-section-boxed elementor-section-height-default elementor-section-height-default\" data-id=\"42c2af1\" data-element_type=\"section\" data-e-type=\"section\">\n\t\t\t\t\t\t<div class=\"elementor-container elementor-column-gap-default\">\n\t\t\t\t\t<div class=\"elementor-column elementor-col-100 elementor-top-column elementor-element elementor-element-64d0740\" data-id=\"64d0740\" data-element_type=\"column\" data-e-type=\"column\">\n\t\t\t<div class=\"elementor-widget-wrap elementor-element-populated\">\n\t\t\t\t\t\t<div class=\"elementor-element elementor-element-680a6c9 elementor-widget elementor-widget-text-editor\" data-id=\"680a6c9\" data-element_type=\"widget\" data-e-type=\"widget\" data-widget_type=\"text-editor.default\">\n\t\t\t\t<div class=\"elementor-widget-container\">\n\t\t\t\t\t\t\t\t\t<h3>Partenaires dans l\u2019\u00e9conomie Sudbury Est \/ Nipissing Ouest est un organisme communautaire sans but lucratif ax\u00e9 sur la cr\u00e9ation de possibilit\u00e9s d\u2019entrepreneuriat et la poursuite de la croissance \u00e9conomique au sein de notre collectivit\u00e9.<\/h3><p>Nous sommes votre succursale locale de la\u00a0<a href=\"https:\/\/www.cfontario.ca\/fr\/\" target=\"_blank\" rel=\"noopener\">Soci\u00e9t\u00e9 d&rsquo;aide au d\u00e9veloppement des collectivit\u00e9s (SADC)<\/a>. Subventionn\u00e9e par <a href=\"http:\/\/fednor.ic.gc.ca\/\" target=\"_blank\" rel=\"noopener\">FedNor<\/a>, la SADC est un projet de d\u00e9veloppement \u00e9conomique des collectivit\u00e9s con\u00e7u pour aider \u00e0 trouver des solutions locales \u00e0 l&rsquo;intention des \u00e9conomies locales.<\/p>\t\t\t\t\t\t\t\t<\/div>\n\t\t\t\t<\/div>\n\t\t\t\t\t<\/div>\n\t\t<\/div>\n\t\t\t\t\t<\/div>\n\t\t<\/section>\n\t\t\t\t<section class=\"elementor-section elementor-top-section elementor-element elementor-element-6ecc5bd elementor-section-boxed elementor-section-height-default elementor-section-height-default\" data-id=\"6ecc5bd\" data-element_type=\"section\" data-e-type=\"section\">\n\t\t\t\t\t\t<div class=\"elementor-container elementor-column-gap-default\">\n\t\t\t\t\t<div class=\"elementor-column elementor-col-33 elementor-top-column elementor-element elementor-element-b915f67\" data-id=\"b915f67\" data-element_type=\"column\" data-e-type=\"column\">\n\t\t\t<div class=\"elementor-widget-wrap elementor-element-populated\">\n\t\t\t\t\t\t<div class=\"elementor-element elementor-element-47f8f92 elementor-cta--layout-image-above elementor-cta--skin-classic elementor-animated-content elementor-widget elementor-widget-call-to-action\" data-id=\"47f8f92\" data-element_type=\"widget\" data-e-type=\"widget\" data-widget_type=\"call-to-action.default\">\n\t\t\t\t<div class=\"elementor-widget-container\">\n\t\t\t\t\t\t\t<div class=\"elementor-cta\">\n\t\t\t\t\t<div class=\"elementor-cta__bg-wrapper\">\n\t\t\t\t<div class=\"elementor-cta__bg elementor-bg\" style=\"background-image: url(https:\/\/www.economicpartners.com\/wp-content\/uploads\/2021\/10\/CTA_Development720x480.jpg);\" role=\"img\" aria-label=\"CTA_Development720x480\"><\/div>\n\t\t\t\t<div class=\"elementor-cta__bg-overlay\"><\/div>\n\t\t\t<\/div>\n\t\t\t\t\t\t\t<div class=\"elementor-cta__content\">\n\t\t\t\t\n\t\t\t\t\t\t\t\t\t<h3 class=\"elementor-cta__title elementor-cta__content-item elementor-content-item\">\n\t\t\t\t\t\tD\u00e9veloppement des entreprises\t\t\t\t\t<\/h3>\n\t\t\t\t\n\t\t\t\t\t\t\t\t\t<div class=\"elementor-cta__description elementor-cta__content-item elementor-content-item\">\n\t\t\t\t\t\tNous offrons un vaste choix de programmes qui peuvent vous aider \u2013 que vous soyez un entrepreneur en herbe ou un jeune.\t\t\t\t\t<\/div>\n\t\t\t\t\n\t\t\t\t\t\t\t\t\t<div class=\"elementor-cta__button-wrapper elementor-cta__content-item elementor-content-item \">\n\t\t\t\t\t<a class=\"elementor-cta__button elementor-button elementor-size-\" href=\"https:\/\/www.economicpartners.com\/fr\/developpement-dentreprises\/\">\n\t\t\t\t\t\tL\u00e0 pour aider\t\t\t\t\t<\/a>\n\t\t\t\t\t<\/div>\n\t\t\t\t\t\t\t<\/div>\n\t\t\t\t\t\t<\/div>\n\t\t\t\t\t\t<\/div>\n\t\t\t\t<\/div>\n\t\t\t\t\t<\/div>\n\t\t<\/div>\n\t\t\t\t<div class=\"elementor-column elementor-col-33 elementor-top-column elementor-element elementor-element-4d35a36\" data-id=\"4d35a36\" data-element_type=\"column\" data-e-type=\"column\">\n\t\t\t<div class=\"elementor-widget-wrap elementor-element-populated\">\n\t\t\t\t\t\t<div class=\"elementor-element elementor-element-ec59cbc elementor-cta--layout-image-above elementor-cta--skin-classic elementor-animated-content elementor-widget elementor-widget-call-to-action\" data-id=\"ec59cbc\" data-element_type=\"widget\" data-e-type=\"widget\" data-widget_type=\"call-to-action.default\">\n\t\t\t\t<div class=\"elementor-widget-container\">\n\t\t\t\t\t\t\t<div class=\"elementor-cta\">\n\t\t\t\t\t<div class=\"elementor-cta__bg-wrapper\">\n\t\t\t\t<div class=\"elementor-cta__bg elementor-bg\" style=\"background-image: url(https:\/\/www.economicpartners.com\/wp-content\/uploads\/2021\/10\/CTA_community_720x480.jpg);\" role=\"img\" aria-label=\"Community Development\"><\/div>\n\t\t\t\t<div class=\"elementor-cta__bg-overlay\"><\/div>\n\t\t\t<\/div>\n\t\t\t\t\t\t\t<div class=\"elementor-cta__content\">\n\t\t\t\t\n\t\t\t\t\t\t\t\t\t<h3 class=\"elementor-cta__title elementor-cta__content-item elementor-content-item\">\n\t\t\t\t\t\tD\u00e9veloppement communautaire\t\t\t\t\t<\/h3>\n\t\t\t\t\n\t\t\t\t\t\t\t\t\t<div class=\"elementor-cta__description elementor-cta__content-item elementor-content-item\">\n\t\t\t\t\t\tNous nous engageons constamment dans des projets valables qui favorisent la croissance des \u00e9conomies locales.\t\t\t\t\t<\/div>\n\t\t\t\t\n\t\t\t\t\t\t\t\t\t<div class=\"elementor-cta__button-wrapper elementor-cta__content-item elementor-content-item \">\n\t\t\t\t\t<a class=\"elementor-cta__button elementor-button elementor-size-\" href=\"https:\/\/www.economicpartners.com\/fr\/dev-communautaire\/\">\n\t\t\t\t\t\tPour en apprendre davantage\t\t\t\t\t<\/a>\n\t\t\t\t\t<\/div>\n\t\t\t\t\t\t\t<\/div>\n\t\t\t\t\t\t<\/div>\n\t\t\t\t\t\t<\/div>\n\t\t\t\t<\/div>\n\t\t\t\t\t<\/div>\n\t\t<\/div>\n\t\t\t\t<div class=\"elementor-column elementor-col-33 elementor-top-column elementor-element elementor-element-28198f1\" data-id=\"28198f1\" data-element_type=\"column\" data-e-type=\"column\">\n\t\t\t<div class=\"elementor-widget-wrap elementor-element-populated\">\n\t\t\t\t\t\t<div class=\"elementor-element elementor-element-104e09a elementor-cta--layout-image-above elementor-cta--skin-classic elementor-animated-content elementor-widget elementor-widget-call-to-action\" data-id=\"104e09a\" data-element_type=\"widget\" data-e-type=\"widget\" data-widget_type=\"call-to-action.default\">\n\t\t\t\t<div class=\"elementor-widget-container\">\n\t\t\t\t\t\t\t<div class=\"elementor-cta\">\n\t\t\t\t\t<div class=\"elementor-cta__bg-wrapper\">\n\t\t\t\t<div class=\"elementor-cta__bg elementor-bg\" style=\"background-image: url(https:\/\/www.economicpartners.com\/wp-content\/uploads\/2021\/10\/CTA_Region_720x480.jpg);\" role=\"img\" aria-label=\"Our Region - Economic Partners Sudbury East \/ West Nipissing\"><\/div>\n\t\t\t\t<div class=\"elementor-cta__bg-overlay\"><\/div>\n\t\t\t<\/div>\n\t\t\t\t\t\t\t<div class=\"elementor-cta__content\">\n\t\t\t\t\n\t\t\t\t\t\t\t\t\t<h3 class=\"elementor-cta__title elementor-cta__content-item elementor-content-item\">\n\t\t\t\t\t\tNotre r\u00e9gion\t\t\t\t\t<\/h3>\n\t\t\t\t\n\t\t\t\t\t\t\t\t\t<div class=\"elementor-cta__description elementor-cta__content-item elementor-content-item\">\n\t\t\t\t\t\tNous sommes d\u00e9termin\u00e9s \u00e0 am\u00e9liorer les \u00e9conomies locales de notre secteur au sein de la r\u00e9gion du nord-est de l\u2019Ontario.\t\t\t\t\t<\/div>\n\t\t\t\t\n\t\t\t\t\t\t\t\t\t<div class=\"elementor-cta__button-wrapper elementor-cta__content-item elementor-content-item \">\n\t\t\t\t\t<a class=\"elementor-cta__button elementor-button elementor-size-\" href=\"https:\/\/www.economicpartners.com\/fr\/a-propos\/notre-region\/\">\n\t\t\t\t\t\tPour en apprendre davantage\t\t\t\t\t<\/a>\n\t\t\t\t\t<\/div>\n\t\t\t\t\t\t\t<\/div>\n\t\t\t\t\t\t<\/div>\n\t\t\t\t\t\t<\/div>\n\t\t\t\t<\/div>\n\t\t\t\t\t<\/div>\n\t\t<\/div>\n\t\t\t\t\t<\/div>\n\t\t<\/section>\n\t\t\t\t<section class=\"elementor-section elementor-top-section elementor-element elementor-element-782a1c0 elementor-section-boxed elementor-section-height-default elementor-section-height-default\" data-id=\"782a1c0\" data-element_type=\"section\" data-e-type=\"section\">\n\t\t\t\t\t\t<div class=\"elementor-container elementor-column-gap-default\">\n\t\t\t\t\t<div class=\"elementor-column elementor-col-100 elementor-top-column elementor-element elementor-element-bb9d4b0\" data-id=\"bb9d4b0\" data-element_type=\"column\" data-e-type=\"column\">\n\t\t\t<div class=\"elementor-widget-wrap elementor-element-populated\">\n\t\t\t\t\t\t<div class=\"elementor-element elementor-element-d6c5622 elementor-cta--layout-image-above elementor-cta--skin-classic elementor-animated-content elementor-bg-transform elementor-bg-transform-zoom-in elementor-widget elementor-widget-call-to-action\" data-id=\"d6c5622\" data-element_type=\"widget\" data-e-type=\"widget\" data-widget_type=\"call-to-action.default\">\n\t\t\t\t<div class=\"elementor-widget-container\">\n\t\t\t\t\t\t\t<div class=\"elementor-cta\">\n\t\t\t\t\t\t\t<div class=\"elementor-cta__content\">\n\t\t\t\t\n\t\t\t\t\t\t\t\t\t<h2 class=\"elementor-cta__title elementor-cta__content-item elementor-content-item\">\n\t\t\t\t\t\tAcc\u00e8s au capital\t\t\t\t\t<\/h2>\n\t\t\t\t\n\t\t\t\t\t\t\t\t\t<div class=\"elementor-cta__description elementor-cta__content-item elementor-content-item\">\n\t\t\t\t\t\tL\u2019organisme Partenaires dans l\u2019\u00e9conomie participe activement au d\u00e9veloppement des petites entreprises dans la r\u00e9gion de Sudbury Est\/Nipissing Ouest. En tant que soci\u00e9t\u00e9 d\u2019aide au d\u00e9veloppement des collectivit\u00e9s, l\u2019organisme Partenaires dans l\u2019\u00e9conomie offre des pr\u00eats, des garanties de pr\u00eat et des placements en actions aux entreprises nouvelles ou existantes.\t\t\t\t\t<\/div>\n\t\t\t\t\n\t\t\t\t\t\t\t\t\t<div class=\"elementor-cta__button-wrapper elementor-cta__content-item elementor-content-item \">\n\t\t\t\t\t<a class=\"elementor-cta__button elementor-button elementor-size-\" href=\"https:\/\/staging.economicpartners.com\/fr\/developpement-dentreprises\/#loans\">\n\t\t\t\t\t\tPassez \u00e0 la prochaine \u00e9tape\t\t\t\t\t<\/a>\n\t\t\t\t\t<\/div>\n\t\t\t\t\t\t\t<\/div>\n\t\t\t\t\t\t<\/div>\n\t\t\t\t\t\t<\/div>\n\t\t\t\t<\/div>\n\t\t\t\t<div class=\"elementor-element elementor-element-db1aef6 elementor-posts--thumbnail-none elementor-grid-2 elementor-grid-tablet-2 elementor-grid-mobile-1 elementor-widget elementor-widget-posts\" data-id=\"db1aef6\" data-element_type=\"widget\" data-e-type=\"widget\" data-settings=\"{&quot;classic_columns&quot;:&quot;2&quot;,&quot;classic_columns_tablet&quot;:&quot;2&quot;,&quot;classic_columns_mobile&quot;:&quot;1&quot;,&quot;classic_row_gap&quot;:{&quot;unit&quot;:&quot;px&quot;,&quot;size&quot;:35,&quot;sizes&quot;:[]},&quot;classic_row_gap_tablet&quot;:{&quot;unit&quot;:&quot;px&quot;,&quot;size&quot;:&quot;&quot;,&quot;sizes&quot;:[]},&quot;classic_row_gap_mobile&quot;:{&quot;unit&quot;:&quot;px&quot;,&quot;size&quot;:&quot;&quot;,&quot;sizes&quot;:[]}}\" data-widget_type=\"posts.classic\">\n\t\t\t\t<div class=\"elementor-widget-container\">\n\t\t\t\t\t\t\t<div class=\"elementor-posts-container elementor-posts elementor-posts--skin-classic elementor-grid\" role=\"list\">\n\t\t\t\t<article class=\"elementor-post elementor-grid-item post-3504 post type-post status-publish format-standard hentry category-non-classifiee\" role=\"listitem\">\n\t\t\t\t<div class=\"elementor-post__text\">\n\t\t\t\t<h2 class=\"elementor-post__title\">\n\t\t\t<a href=\"https:\/\/www.economicpartners.com\/fr\/blog\/2025\/10\/28\/profils-des-exposants-pour-la-royal-winter-fair-2025\/\" >\n\t\t\t\tProfils des exposants pour la Royal Winter Fair 2025\t\t\t<\/a>\n\t\t<\/h2>\n\t\t\t\t<div class=\"elementor-post__meta-data\">\n\t\t\t\t\t<span class=\"elementor-post-date\">\n\t\t\t28 octobre 2025\t\t<\/span>\n\t\t\t\t<\/div>\n\t\t\t\t<div class=\"elementor-post__excerpt\">\n\t\t\t<p>Il y a tellement de produits uniques dans le Nord de l&rsquo;Ontario, apprenez-en plus \u00e0 leur sujet ici.<\/p>\n\t\t<\/div>\n\t\t\n\t\t<a class=\"elementor-post__read-more\" href=\"https:\/\/www.economicpartners.com\/fr\/blog\/2025\/10\/28\/profils-des-exposants-pour-la-royal-winter-fair-2025\/\" aria-label=\"En savoir plus sur Profils des exposants pour la Royal Winter Fair 2025\" tabindex=\"-1\" >\n\t\t\tVoir la suite &gt;&gt;\t\t<\/a>\n\n\t\t\t\t<\/div>\n\t\t\t\t<\/article>\n\t\t\t\t<article class=\"elementor-post elementor-grid-item post-2437 post type-post status-publish format-standard hentry category-funding-fr\" role=\"listitem\">\n\t\t\t\t<div class=\"elementor-post__text\">\n\t\t\t\t<h2 class=\"elementor-post__title\">\n\t\t\t<a href=\"https:\/\/www.economicpartners.com\/fr\/blog\/2022\/11\/03\/fednor-invests\/\" >\n\t\t\t\tFedNor invests in Northern Ontario Agri-Food Pavilion\t\t\t<\/a>\n\t\t<\/h2>\n\t\t\t\t<div class=\"elementor-post__meta-data\">\n\t\t\t\t\t<span class=\"elementor-post-date\">\n\t\t\t3 novembre 2022\t\t<\/span>\n\t\t\t\t<\/div>\n\t\t\t\t<div class=\"elementor-post__excerpt\">\n\t\t\t<p>\u201cIt\u2019s a fantastic project,\u201d Fox said, \u201cthe agricultural sector is a priority for us in Northern Ontario.\u201d<\/p>\n\t\t<\/div>\n\t\t\n\t\t<a class=\"elementor-post__read-more\" href=\"https:\/\/www.economicpartners.com\/fr\/blog\/2022\/11\/03\/fednor-invests\/\" aria-label=\"En savoir plus sur FedNor invests in Northern Ontario Agri-Food Pavilion\" tabindex=\"-1\" >\n\t\t\tVoir la suite &gt;&gt;\t\t<\/a>\n\n\t\t\t\t<\/div>\n\t\t\t\t<\/article>\n\t\t\t\t<\/div>\n\t\t\n\t\t\t\t\t\t<\/div>\n\t\t\t\t<\/div>\n\t\t\t\t\t<\/div>\n\t\t<\/div>\n\t\t\t\t\t<\/div>\n\t\t<\/section>\n\t\t\t\t<\/div>\n\t\t","protected":false},"excerpt":{"rendered":"<p>Partenaires dans l\u2019\u00e9conomie Sudbury Est \/ Nipissing Ouest est un organisme communautaire sans but lucratif ax\u00e9 sur la cr\u00e9ation de possibilit\u00e9s d\u2019entrepreneuriat et la poursuite de la croissance \u00e9conomique au sein de notre collectivit\u00e9. Nous sommes votre succursale locale de la\u00a0Soci\u00e9t\u00e9 d&rsquo;aide au d\u00e9veloppement des collectivit\u00e9s (SADC). Subventionn\u00e9e par FedNor, la SADC est un projet [&hellip;]<\/p>\n","protected":false},"author":1,"featured_media":3198,"parent":0,"menu_order":0,"comment_status":"closed","ping_status":"closed","template":"","meta":{"_acf_changed":false,"footnotes":""},"class_list":["post-16","page","type-page","status-publish","has-post-thumbnail","hentry"],"acf":[],"yoast_head":"<!-- This site is optimized with the Yoast SEO Premium plugin v27.5 (Yoast SEO v27.5) - https:\/\/yoast.com\/product\/yoast-seo-premium-wordpress\/ -->\n<title>Accueil | Partenaires dans l\u2019\u00e9conomie Sudbury Est \/ Nipissing Ouest Inc.<\/title>\n<meta name=\"robots\" content=\"index, follow, max-snippet:-1, max-image-preview:large, max-video-preview:-1\" \/>\n<link rel=\"canonical\" href=\"https:\/\/www.economicpartners.com\/fr\/\" \/>\n<meta property=\"og:locale\" content=\"fr_FR\" \/>\n<meta property=\"og:type\" content=\"article\" \/>\n<meta property=\"og:title\" content=\"Accueil\" \/>\n<meta property=\"og:description\" content=\"Partenaires dans l\u2019\u00e9conomie Sudbury Est \/ Nipissing Ouest est un organisme communautaire sans but lucratif ax\u00e9 sur la cr\u00e9ation de possibilit\u00e9s d\u2019entrepreneuriat et la poursuite de la croissance \u00e9conomique au sein de notre collectivit\u00e9. Nous sommes votre succursale locale de la\u00a0Soci\u00e9t\u00e9 d&rsquo;aide au d\u00e9veloppement des collectivit\u00e9s (SADC). Subventionn\u00e9e par FedNor, la SADC est un projet [&hellip;]\" \/>\n<meta property=\"og:url\" content=\"https:\/\/www.economicpartners.com\/fr\/\" \/>\n<meta property=\"og:site_name\" content=\"Partenaires dans l\u2019\u00e9conomie Sudbury Est \/ Nipissing Ouest Inc.\" \/>\n<meta property=\"article:publisher\" content=\"https:\/\/www.facebook.com\/EPSEWN\/\" \/>\n<meta property=\"article:modified_time\" content=\"2024-05-09T17:03:13+00:00\" \/>\n<meta property=\"og:image\" content=\"https:\/\/www.economicpartners.com\/wp-content\/uploads\/2021\/10\/Home_Header-scaled.jpg\" \/>\n\t<meta property=\"og:image:width\" content=\"2560\" \/>\n\t<meta property=\"og:image:height\" content=\"1702\" \/>\n\t<meta property=\"og:image:type\" content=\"image\/jpeg\" \/>\n<meta name=\"twitter:card\" content=\"summary_large_image\" \/>\n<meta name=\"twitter:label1\" content=\"Dur\u00e9e de lecture estim\u00e9e\" \/>\n\t<meta name=\"twitter:data1\" content=\"1 minute\" \/>\n<script type=\"application\/ld+json\" class=\"yoast-schema-graph\">{\"@context\":\"https:\\\/\\\/schema.org\",\"@graph\":[{\"@type\":\"WebPage\",\"@id\":\"https:\\\/\\\/www.economicpartners.com\\\/fr\\\/\",\"url\":\"https:\\\/\\\/www.economicpartners.com\\\/fr\\\/\",\"name\":\"Accueil | Partenaires dans l\u2019\u00e9conomie Sudbury Est \\\/ Nipissing Ouest Inc.\",\"isPartOf\":{\"@id\":\"https:\\\/\\\/www.economicpartners.com\\\/fr\\\/#website\"},\"primaryImageOfPage\":{\"@id\":\"https:\\\/\\\/www.economicpartners.com\\\/fr\\\/#primaryimage\"},\"image\":{\"@id\":\"https:\\\/\\\/www.economicpartners.com\\\/fr\\\/#primaryimage\"},\"thumbnailUrl\":\"https:\\\/\\\/www.economicpartners.com\\\/wp-content\\\/uploads\\\/2025\\\/03\\\/Banner-10_LinksRessources_1590x420.png\",\"datePublished\":\"2021-04-29T14:31:10+00:00\",\"dateModified\":\"2024-05-09T17:03:13+00:00\",\"breadcrumb\":{\"@id\":\"https:\\\/\\\/www.economicpartners.com\\\/fr\\\/#breadcrumb\"},\"inLanguage\":\"fr-FR\",\"potentialAction\":[{\"@type\":\"ReadAction\",\"target\":[\"https:\\\/\\\/www.economicpartners.com\\\/fr\\\/\"]}]},{\"@type\":\"ImageObject\",\"inLanguage\":\"fr-FR\",\"@id\":\"https:\\\/\\\/www.economicpartners.com\\\/fr\\\/#primaryimage\",\"url\":\"https:\\\/\\\/www.economicpartners.com\\\/wp-content\\\/uploads\\\/2025\\\/03\\\/Banner-10_LinksRessources_1590x420.png\",\"contentUrl\":\"https:\\\/\\\/www.economicpartners.com\\\/wp-content\\\/uploads\\\/2025\\\/03\\\/Banner-10_LinksRessources_1590x420.png\",\"width\":1590,\"height\":420},{\"@type\":\"BreadcrumbList\",\"@id\":\"https:\\\/\\\/www.economicpartners.com\\\/fr\\\/#breadcrumb\",\"itemListElement\":[{\"@type\":\"ListItem\",\"position\":1,\"name\":\"Home\",\"item\":\"https:\\\/\\\/www.economicpartners.com\\\/fr\\\/\"},{\"@type\":\"ListItem\",\"position\":2,\"name\":\"Accueil\"}]},{\"@type\":\"WebSite\",\"@id\":\"https:\\\/\\\/www.economicpartners.com\\\/fr\\\/#website\",\"url\":\"https:\\\/\\\/www.economicpartners.com\\\/fr\\\/\",\"name\":\"Partenaires dans l\u2019\u00e9conomie Sudbury Est \\\/ Nipissing Ouest Inc.\",\"description\":\"Soci\u00e9t\u00e9s d\u2019aide au d\u00e9veloppement des collectivit\u00e9s\",\"publisher\":{\"@id\":\"https:\\\/\\\/www.economicpartners.com\\\/fr\\\/#organization\"},\"potentialAction\":[{\"@type\":\"SearchAction\",\"target\":{\"@type\":\"EntryPoint\",\"urlTemplate\":\"https:\\\/\\\/www.economicpartners.com\\\/fr\\\/?s={search_term_string}\"},\"query-input\":{\"@type\":\"PropertyValueSpecification\",\"valueRequired\":true,\"valueName\":\"search_term_string\"}}],\"inLanguage\":\"fr-FR\"},{\"@type\":\"Organization\",\"@id\":\"https:\\\/\\\/www.economicpartners.com\\\/fr\\\/#organization\",\"name\":\"Economic Partners Sudbury East\\\/West Nipissing Inc.\",\"url\":\"https:\\\/\\\/www.economicpartners.com\\\/fr\\\/\",\"logo\":{\"@type\":\"ImageObject\",\"inLanguage\":\"fr-FR\",\"@id\":\"https:\\\/\\\/www.economicpartners.com\\\/fr\\\/#\\\/schema\\\/logo\\\/image\\\/\",\"url\":\"https:\\\/\\\/www.economicpartners.com\\\/wp-content\\\/uploads\\\/2021\\\/10\\\/ep_sitelogo_mobile.png\",\"contentUrl\":\"https:\\\/\\\/www.economicpartners.com\\\/wp-content\\\/uploads\\\/2021\\\/10\\\/ep_sitelogo_mobile.png\",\"width\":184,\"height\":125,\"caption\":\"Economic Partners Sudbury East\\\/West Nipissing Inc.\"},\"image\":{\"@id\":\"https:\\\/\\\/www.economicpartners.com\\\/fr\\\/#\\\/schema\\\/logo\\\/image\\\/\"},\"sameAs\":[\"https:\\\/\\\/www.facebook.com\\\/EPSEWN\\\/\"]}]}<\/script>\n<!-- \/ Yoast SEO Premium plugin. -->","yoast_head_json":{"title":"Accueil | Partenaires dans l\u2019\u00e9conomie Sudbury Est \/ Nipissing Ouest Inc.","robots":{"index":"index","follow":"follow","max-snippet":"max-snippet:-1","max-image-preview":"max-image-preview:large","max-video-preview":"max-video-preview:-1"},"canonical":"https:\/\/www.economicpartners.com\/fr\/","og_locale":"fr_FR","og_type":"article","og_title":"Accueil","og_description":"Partenaires dans l\u2019\u00e9conomie Sudbury Est \/ Nipissing Ouest est un organisme communautaire sans but lucratif ax\u00e9 sur la cr\u00e9ation de possibilit\u00e9s d\u2019entrepreneuriat et la poursuite de la croissance \u00e9conomique au sein de notre collectivit\u00e9. Nous sommes votre succursale locale de la\u00a0Soci\u00e9t\u00e9 d&rsquo;aide au d\u00e9veloppement des collectivit\u00e9s (SADC). Subventionn\u00e9e par FedNor, la SADC est un projet [&hellip;]","og_url":"https:\/\/www.economicpartners.com\/fr\/","og_site_name":"Partenaires dans l\u2019\u00e9conomie Sudbury Est \/ Nipissing Ouest Inc.","article_publisher":"https:\/\/www.facebook.com\/EPSEWN\/","article_modified_time":"2024-05-09T17:03:13+00:00","og_image":[{"width":2560,"height":1702,"url":"https:\/\/www.economicpartners.com\/wp-content\/uploads\/2021\/10\/Home_Header-scaled.jpg","type":"image\/jpeg"}],"twitter_card":"summary_large_image","twitter_misc":{"Dur\u00e9e de lecture estim\u00e9e":"1 minute"},"schema":{"@context":"https:\/\/schema.org","@graph":[{"@type":"WebPage","@id":"https:\/\/www.economicpartners.com\/fr\/","url":"https:\/\/www.economicpartners.com\/fr\/","name":"Accueil | Partenaires dans l\u2019\u00e9conomie Sudbury Est \/ Nipissing Ouest Inc.","isPartOf":{"@id":"https:\/\/www.economicpartners.com\/fr\/#website"},"primaryImageOfPage":{"@id":"https:\/\/www.economicpartners.com\/fr\/#primaryimage"},"image":{"@id":"https:\/\/www.economicpartners.com\/fr\/#primaryimage"},"thumbnailUrl":"https:\/\/www.economicpartners.com\/wp-content\/uploads\/2025\/03\/Banner-10_LinksRessources_1590x420.png","datePublished":"2021-04-29T14:31:10+00:00","dateModified":"2024-05-09T17:03:13+00:00","breadcrumb":{"@id":"https:\/\/www.economicpartners.com\/fr\/#breadcrumb"},"inLanguage":"fr-FR","potentialAction":[{"@type":"ReadAction","target":["https:\/\/www.economicpartners.com\/fr\/"]}]},{"@type":"ImageObject","inLanguage":"fr-FR","@id":"https:\/\/www.economicpartners.com\/fr\/#primaryimage","url":"https:\/\/www.economicpartners.com\/wp-content\/uploads\/2025\/03\/Banner-10_LinksRessources_1590x420.png","contentUrl":"https:\/\/www.economicpartners.com\/wp-content\/uploads\/2025\/03\/Banner-10_LinksRessources_1590x420.png","width":1590,"height":420},{"@type":"BreadcrumbList","@id":"https:\/\/www.economicpartners.com\/fr\/#breadcrumb","itemListElement":[{"@type":"ListItem","position":1,"name":"Home","item":"https:\/\/www.economicpartners.com\/fr\/"},{"@type":"ListItem","position":2,"name":"Accueil"}]},{"@type":"WebSite","@id":"https:\/\/www.economicpartners.com\/fr\/#website","url":"https:\/\/www.economicpartners.com\/fr\/","name":"Partenaires dans l\u2019\u00e9conomie Sudbury Est \/ Nipissing Ouest Inc.","description":"Soci\u00e9t\u00e9s d\u2019aide au d\u00e9veloppement des collectivit\u00e9s","publisher":{"@id":"https:\/\/www.economicpartners.com\/fr\/#organization"},"potentialAction":[{"@type":"SearchAction","target":{"@type":"EntryPoint","urlTemplate":"https:\/\/www.economicpartners.com\/fr\/?s={search_term_string}"},"query-input":{"@type":"PropertyValueSpecification","valueRequired":true,"valueName":"search_term_string"}}],"inLanguage":"fr-FR"},{"@type":"Organization","@id":"https:\/\/www.economicpartners.com\/fr\/#organization","name":"Economic Partners Sudbury East\/West Nipissing Inc.","url":"https:\/\/www.economicpartners.com\/fr\/","logo":{"@type":"ImageObject","inLanguage":"fr-FR","@id":"https:\/\/www.economicpartners.com\/fr\/#\/schema\/logo\/image\/","url":"https:\/\/www.economicpartners.com\/wp-content\/uploads\/2021\/10\/ep_sitelogo_mobile.png","contentUrl":"https:\/\/www.economicpartners.com\/wp-content\/uploads\/2021\/10\/ep_sitelogo_mobile.png","width":184,"height":125,"caption":"Economic Partners Sudbury East\/West Nipissing Inc."},"image":{"@id":"https:\/\/www.economicpartners.com\/fr\/#\/schema\/logo\/image\/"},"sameAs":["https:\/\/www.facebook.com\/EPSEWN\/"]}]}},"_links":{"self":[{"href":"https:\/\/www.economicpartners.com\/fr\/wp-json\/wp\/v2\/pages\/16","targetHints":{"allow":["GET"]}}],"collection":[{"href":"https:\/\/www.economicpartners.com\/fr\/wp-json\/wp\/v2\/pages"}],"about":[{"href":"https:\/\/www.economicpartners.com\/fr\/wp-json\/wp\/v2\/types\/page"}],"author":[{"embeddable":true,"href":"https:\/\/www.economicpartners.com\/fr\/wp-json\/wp\/v2\/users\/1"}],"replies":[{"embeddable":true,"href":"https:\/\/www.economicpartners.com\/fr\/wp-json\/wp\/v2\/comments?post=16"}],"version-history":[{"count":4,"href":"https:\/\/www.economicpartners.com\/fr\/wp-json\/wp\/v2\/pages\/16\/revisions"}],"predecessor-version":[{"id":2936,"href":"https:\/\/www.economicpartners.com\/fr\/wp-json\/wp\/v2\/pages\/16\/revisions\/2936"}],"wp:featuredmedia":[{"embeddable":true,"href":"https:\/\/www.economicpartners.com\/fr\/wp-json\/wp\/v2\/media\/3198"}],"wp:attachment":[{"href":"https:\/\/www.economicpartners.com\/fr\/wp-json\/wp\/v2\/media?parent=16"}],"curies":[{"name":"wp","href":"https:\/\/api.w.org\/{rel}","templated":true}]}}