{"id":100,"date":"2021-04-29T11:34:48","date_gmt":"2021-04-29T15:34:48","guid":{"rendered":"https:\/\/www.economicpartners.com\/?page_id=100"},"modified":"2021-10-19T15:23:48","modified_gmt":"2021-10-19T19:23:48","slug":"liens","status":"publish","type":"page","link":"https:\/\/www.economicpartners.com\/fr\/a-propos\/liens\/","title":{"rendered":"Liens et ressources"},"content":{"rendered":"\t\t<div data-elementor-type=\"wp-page\" data-elementor-id=\"100\" class=\"elementor elementor-100 elementor-36\" data-elementor-post-type=\"page\">\n\t\t\t\t\t\t<section class=\"elementor-section elementor-top-section elementor-element elementor-element-1b6e815 elementor-section-boxed elementor-section-height-default elementor-section-height-default\" data-id=\"1b6e815\" data-element_type=\"section\" data-e-type=\"section\">\n\t\t\t\t\t\t<div class=\"elementor-container elementor-column-gap-default\">\n\t\t\t\t\t<div class=\"elementor-column elementor-col-100 elementor-top-column elementor-element elementor-element-83209cf\" data-id=\"83209cf\" data-element_type=\"column\" data-e-type=\"column\">\n\t\t\t<div class=\"elementor-widget-wrap elementor-element-populated\">\n\t\t\t\t\t\t<div class=\"elementor-element elementor-element-b268c46 elementor-widget elementor-widget-text-editor\" data-id=\"b268c46\" data-element_type=\"widget\" data-e-type=\"widget\" data-widget_type=\"text-editor.default\">\n\t\t\t\t<div class=\"elementor-widget-container\">\n\t\t\t\t\t\t\t\t\t<h3>D\u00e8veloppement \u00c8conomique<\/h3><p><a href=\"https:\/\/www.headstartinbusiness.com\/?lang=fr\" target=\"_blank\" rel=\"noopener\">Lance-toi en affaires!<\/a><br \/>Initiative entrepreneuriat jeunesse du nord<\/p><p><a href=\"https:\/\/communityfuturescanada.ca\/fr\/accueil\/\" target=\"_blank\" rel=\"noopener\">Le R\u00e9seau de d\u00e9veloppement des collectivit\u00e9s du Canada<\/a><\/p><p><a href=\"http:\/\/youtu.be\/xg15OBmugOQ\" target=\"_blank\" rel=\"noopener\">R\u00e9seau de d\u00e8veloppement &#8211; Une histoire de succ\u00e8s Canadienne<\/a><\/p><p><a href=\"http:\/\/youtu.be\/jQxUeXJ0Wb8\" target=\"_blank\" rel=\"noopener\">R\u00e9seau de d\u00e9veloppement &#8211; vid\u00e9o promotionnel<\/a><\/p><h3>Technologie<\/h3><p><a href=\"http:\/\/www.crc.gc.ca\/eic\/site\/069.nsf\/fra\/accueil\" target=\"_blank\" rel=\"noopener\">Centre de recherches sur les communications Canada<\/a><\/p><p><a href=\"https:\/\/www.ic.gc.ca\/eic\/site\/cipointernet-internetopic.nsf\/fra\/accueil\" target=\"_blank\" rel=\"noopener\">Office de la propri\u00e9t\u00e9 intellectuelle du Canada<\/a><br \/>Recherche en ligne de brevets Canadiens, marques de commerce, droits d&rsquo;auteurs, ainsi que plusieurs autres.<\/p><p><a href=\"https:\/\/www.scc.ca\/fr\" target=\"_blank\" rel=\"noopener\">Conseil canadien des normes<\/a><br \/>Conseil canadien des normes (CCN) joue un r\u00f4le de chef de file et fait valoir les int\u00e9r\u00eats canadiens dans la normalisation et l\u2019accr\u00e9ditation au pays et \u00e0 l\u2019international.<\/p><p><a href=\"https:\/\/www.neonet.on.ca\/\" target=\"_blank\" rel=\"noopener\">NEOnet<\/a><br \/>North Eastern Ontario Communications Network Inc. (NEOnet) est un organisme \u00e0 but non lucratif cr\u00e9\u00e9 qui es appuye\u00e9 avec fieret\u00e9 par <a href=\"http:\/\/fednor.gc.ca\/eic\/site\/fednor-fednor.nsf\/Intro\" target=\"_blank\" rel=\"noopener noreferrer\">FedNor<\/a>. NEonet a \u00e9t\u00e9 \u00e9tabli en 1999 et agis en qualit\u00e9 de champion de la r\u00e9gion en mati\u00e8re des technologies de l\u2019information et des communications (TIC).<\/p>\t\t\t\t\t\t\t\t<\/div>\n\t\t\t\t<\/div>\n\t\t\t\t\t<\/div>\n\t\t<\/div>\n\t\t\t\t\t<\/div>\n\t\t<\/section>\n\t\t\t\t<\/div>\n\t\t","protected":false},"excerpt":{"rendered":"<p>D\u00e8veloppement \u00c8conomique Lance-toi en affaires! Initiative entrepreneuriat jeunesse du nord Le R\u00e9seau de d\u00e9veloppement des collectivit\u00e9s du Canada R\u00e9seau de d\u00e8veloppement &#8211; Une histoire de succ\u00e8s Canadienne R\u00e9seau de d\u00e9veloppement &#8211; vid\u00e9o promotionnel Technologie Centre de recherches sur les communications Canada Office de la propri\u00e9t\u00e9 intellectuelle du Canada Recherche en ligne de brevets Canadiens, marques [&hellip;]<\/p>\n","protected":false},"author":1,"featured_media":3192,"parent":94,"menu_order":0,"comment_status":"closed","ping_status":"closed","template":"","meta":{"_acf_changed":false,"footnotes":""},"class_list":["post-100","page","type-page","status-publish","has-post-thumbnail","hentry"],"acf":[],"yoast_head":"<!-- This site is optimized with the Yoast SEO Premium plugin v27.5 (Yoast SEO v27.5) - https:\/\/yoast.com\/product\/yoast-seo-premium-wordpress\/ -->\n<title>Liens et ressources | Partenaires dans l\u2019\u00e9conomie Sudbury Est \/ Nipissing Ouest Inc.<\/title>\n<meta name=\"robots\" content=\"index, follow, max-snippet:-1, max-image-preview:large, max-video-preview:-1\" \/>\n<link rel=\"canonical\" href=\"https:\/\/www.economicpartners.com\/fr\/a-propos\/liens\/\" \/>\n<meta property=\"og:locale\" content=\"fr_FR\" \/>\n<meta property=\"og:type\" content=\"article\" \/>\n<meta property=\"og:title\" content=\"Liens et ressources\" \/>\n<meta property=\"og:description\" content=\"D\u00e8veloppement \u00c8conomique Lance-toi en affaires! Initiative entrepreneuriat jeunesse du nord Le R\u00e9seau de d\u00e9veloppement des collectivit\u00e9s du Canada R\u00e9seau de d\u00e8veloppement &#8211; Une histoire de succ\u00e8s Canadienne R\u00e9seau de d\u00e9veloppement &#8211; vid\u00e9o promotionnel Technologie Centre de recherches sur les communications Canada Office de la propri\u00e9t\u00e9 intellectuelle du Canada Recherche en ligne de brevets Canadiens, marques [&hellip;]\" \/>\n<meta property=\"og:url\" content=\"https:\/\/www.economicpartners.com\/fr\/a-propos\/liens\/\" \/>\n<meta property=\"og:site_name\" content=\"Partenaires dans l\u2019\u00e9conomie Sudbury Est \/ Nipissing Ouest Inc.\" \/>\n<meta property=\"article:publisher\" content=\"https:\/\/www.facebook.com\/EPSEWN\/\" \/>\n<meta property=\"article:modified_time\" content=\"2021-10-19T19:23:48+00:00\" \/>\n<meta name=\"twitter:card\" content=\"summary_large_image\" \/>\n<meta name=\"twitter:label1\" content=\"Dur\u00e9e de lecture estim\u00e9e\" \/>\n\t<meta name=\"twitter:data1\" content=\"1 minute\" \/>\n<script type=\"application\/ld+json\" class=\"yoast-schema-graph\">{\"@context\":\"https:\\\/\\\/schema.org\",\"@graph\":[{\"@type\":\"WebPage\",\"@id\":\"https:\\\/\\\/www.economicpartners.com\\\/fr\\\/a-propos\\\/liens\\\/\",\"url\":\"https:\\\/\\\/www.economicpartners.com\\\/fr\\\/a-propos\\\/liens\\\/\",\"name\":\"Liens et ressources | Partenaires dans l\u2019\u00e9conomie Sudbury Est \\\/ Nipissing Ouest Inc.\",\"isPartOf\":{\"@id\":\"https:\\\/\\\/www.economicpartners.com\\\/fr\\\/#website\"},\"primaryImageOfPage\":{\"@id\":\"https:\\\/\\\/www.economicpartners.com\\\/fr\\\/a-propos\\\/liens\\\/#primaryimage\"},\"image\":{\"@id\":\"https:\\\/\\\/www.economicpartners.com\\\/fr\\\/a-propos\\\/liens\\\/#primaryimage\"},\"thumbnailUrl\":\"https:\\\/\\\/www.economicpartners.com\\\/wp-content\\\/uploads\\\/2025\\\/03\\\/Banner-7_NewsUpdates_1590x420.png\",\"datePublished\":\"2021-04-29T15:34:48+00:00\",\"dateModified\":\"2021-10-19T19:23:48+00:00\",\"breadcrumb\":{\"@id\":\"https:\\\/\\\/www.economicpartners.com\\\/fr\\\/a-propos\\\/liens\\\/#breadcrumb\"},\"inLanguage\":\"fr-FR\",\"potentialAction\":[{\"@type\":\"ReadAction\",\"target\":[\"https:\\\/\\\/www.economicpartners.com\\\/fr\\\/a-propos\\\/liens\\\/\"]}]},{\"@type\":\"ImageObject\",\"inLanguage\":\"fr-FR\",\"@id\":\"https:\\\/\\\/www.economicpartners.com\\\/fr\\\/a-propos\\\/liens\\\/#primaryimage\",\"url\":\"https:\\\/\\\/www.economicpartners.com\\\/wp-content\\\/uploads\\\/2025\\\/03\\\/Banner-7_NewsUpdates_1590x420.png\",\"contentUrl\":\"https:\\\/\\\/www.economicpartners.com\\\/wp-content\\\/uploads\\\/2025\\\/03\\\/Banner-7_NewsUpdates_1590x420.png\",\"width\":1590,\"height\":420},{\"@type\":\"BreadcrumbList\",\"@id\":\"https:\\\/\\\/www.economicpartners.com\\\/fr\\\/a-propos\\\/liens\\\/#breadcrumb\",\"itemListElement\":[{\"@type\":\"ListItem\",\"position\":1,\"name\":\"Home\",\"item\":\"https:\\\/\\\/www.economicpartners.com\\\/fr\\\/\"},{\"@type\":\"ListItem\",\"position\":2,\"name\":\"\u00c0 propos\",\"item\":\"https:\\\/\\\/www.economicpartners.com\\\/fr\\\/a-propos\\\/\"},{\"@type\":\"ListItem\",\"position\":3,\"name\":\"Liens et ressources\"}]},{\"@type\":\"WebSite\",\"@id\":\"https:\\\/\\\/www.economicpartners.com\\\/fr\\\/#website\",\"url\":\"https:\\\/\\\/www.economicpartners.com\\\/fr\\\/\",\"name\":\"Partenaires dans l\u2019\u00e9conomie Sudbury Est \\\/ Nipissing Ouest Inc.\",\"description\":\"Soci\u00e9t\u00e9s d\u2019aide au d\u00e9veloppement des collectivit\u00e9s\",\"publisher\":{\"@id\":\"https:\\\/\\\/www.economicpartners.com\\\/fr\\\/#organization\"},\"potentialAction\":[{\"@type\":\"SearchAction\",\"target\":{\"@type\":\"EntryPoint\",\"urlTemplate\":\"https:\\\/\\\/www.economicpartners.com\\\/fr\\\/?s={search_term_string}\"},\"query-input\":{\"@type\":\"PropertyValueSpecification\",\"valueRequired\":true,\"valueName\":\"search_term_string\"}}],\"inLanguage\":\"fr-FR\"},{\"@type\":\"Organization\",\"@id\":\"https:\\\/\\\/www.economicpartners.com\\\/fr\\\/#organization\",\"name\":\"Economic Partners Sudbury East\\\/West Nipissing Inc.\",\"url\":\"https:\\\/\\\/www.economicpartners.com\\\/fr\\\/\",\"logo\":{\"@type\":\"ImageObject\",\"inLanguage\":\"fr-FR\",\"@id\":\"https:\\\/\\\/www.economicpartners.com\\\/fr\\\/#\\\/schema\\\/logo\\\/image\\\/\",\"url\":\"https:\\\/\\\/www.economicpartners.com\\\/wp-content\\\/uploads\\\/2021\\\/10\\\/ep_sitelogo_mobile.png\",\"contentUrl\":\"https:\\\/\\\/www.economicpartners.com\\\/wp-content\\\/uploads\\\/2021\\\/10\\\/ep_sitelogo_mobile.png\",\"width\":184,\"height\":125,\"caption\":\"Economic Partners Sudbury East\\\/West Nipissing Inc.\"},\"image\":{\"@id\":\"https:\\\/\\\/www.economicpartners.com\\\/fr\\\/#\\\/schema\\\/logo\\\/image\\\/\"},\"sameAs\":[\"https:\\\/\\\/www.facebook.com\\\/EPSEWN\\\/\"]}]}<\/script>\n<!-- \/ Yoast SEO Premium plugin. -->","yoast_head_json":{"title":"Liens et ressources | Partenaires dans l\u2019\u00e9conomie Sudbury Est \/ Nipissing Ouest Inc.","robots":{"index":"index","follow":"follow","max-snippet":"max-snippet:-1","max-image-preview":"max-image-preview:large","max-video-preview":"max-video-preview:-1"},"canonical":"https:\/\/www.economicpartners.com\/fr\/a-propos\/liens\/","og_locale":"fr_FR","og_type":"article","og_title":"Liens et ressources","og_description":"D\u00e8veloppement \u00c8conomique Lance-toi en affaires! Initiative entrepreneuriat jeunesse du nord Le R\u00e9seau de d\u00e9veloppement des collectivit\u00e9s du Canada R\u00e9seau de d\u00e8veloppement &#8211; Une histoire de succ\u00e8s Canadienne R\u00e9seau de d\u00e9veloppement &#8211; vid\u00e9o promotionnel Technologie Centre de recherches sur les communications Canada Office de la propri\u00e9t\u00e9 intellectuelle du Canada Recherche en ligne de brevets Canadiens, marques [&hellip;]","og_url":"https:\/\/www.economicpartners.com\/fr\/a-propos\/liens\/","og_site_name":"Partenaires dans l\u2019\u00e9conomie Sudbury Est \/ Nipissing Ouest Inc.","article_publisher":"https:\/\/www.facebook.com\/EPSEWN\/","article_modified_time":"2021-10-19T19:23:48+00:00","twitter_card":"summary_large_image","twitter_misc":{"Dur\u00e9e de lecture estim\u00e9e":"1 minute"},"schema":{"@context":"https:\/\/schema.org","@graph":[{"@type":"WebPage","@id":"https:\/\/www.economicpartners.com\/fr\/a-propos\/liens\/","url":"https:\/\/www.economicpartners.com\/fr\/a-propos\/liens\/","name":"Liens et ressources | Partenaires dans l\u2019\u00e9conomie Sudbury Est \/ Nipissing Ouest Inc.","isPartOf":{"@id":"https:\/\/www.economicpartners.com\/fr\/#website"},"primaryImageOfPage":{"@id":"https:\/\/www.economicpartners.com\/fr\/a-propos\/liens\/#primaryimage"},"image":{"@id":"https:\/\/www.economicpartners.com\/fr\/a-propos\/liens\/#primaryimage"},"thumbnailUrl":"https:\/\/www.economicpartners.com\/wp-content\/uploads\/2025\/03\/Banner-7_NewsUpdates_1590x420.png","datePublished":"2021-04-29T15:34:48+00:00","dateModified":"2021-10-19T19:23:48+00:00","breadcrumb":{"@id":"https:\/\/www.economicpartners.com\/fr\/a-propos\/liens\/#breadcrumb"},"inLanguage":"fr-FR","potentialAction":[{"@type":"ReadAction","target":["https:\/\/www.economicpartners.com\/fr\/a-propos\/liens\/"]}]},{"@type":"ImageObject","inLanguage":"fr-FR","@id":"https:\/\/www.economicpartners.com\/fr\/a-propos\/liens\/#primaryimage","url":"https:\/\/www.economicpartners.com\/wp-content\/uploads\/2025\/03\/Banner-7_NewsUpdates_1590x420.png","contentUrl":"https:\/\/www.economicpartners.com\/wp-content\/uploads\/2025\/03\/Banner-7_NewsUpdates_1590x420.png","width":1590,"height":420},{"@type":"BreadcrumbList","@id":"https:\/\/www.economicpartners.com\/fr\/a-propos\/liens\/#breadcrumb","itemListElement":[{"@type":"ListItem","position":1,"name":"Home","item":"https:\/\/www.economicpartners.com\/fr\/"},{"@type":"ListItem","position":2,"name":"\u00c0 propos","item":"https:\/\/www.economicpartners.com\/fr\/a-propos\/"},{"@type":"ListItem","position":3,"name":"Liens et ressources"}]},{"@type":"WebSite","@id":"https:\/\/www.economicpartners.com\/fr\/#website","url":"https:\/\/www.economicpartners.com\/fr\/","name":"Partenaires dans l\u2019\u00e9conomie Sudbury Est \/ Nipissing Ouest Inc.","description":"Soci\u00e9t\u00e9s d\u2019aide au d\u00e9veloppement des collectivit\u00e9s","publisher":{"@id":"https:\/\/www.economicpartners.com\/fr\/#organization"},"potentialAction":[{"@type":"SearchAction","target":{"@type":"EntryPoint","urlTemplate":"https:\/\/www.economicpartners.com\/fr\/?s={search_term_string}"},"query-input":{"@type":"PropertyValueSpecification","valueRequired":true,"valueName":"search_term_string"}}],"inLanguage":"fr-FR"},{"@type":"Organization","@id":"https:\/\/www.economicpartners.com\/fr\/#organization","name":"Economic Partners Sudbury East\/West Nipissing Inc.","url":"https:\/\/www.economicpartners.com\/fr\/","logo":{"@type":"ImageObject","inLanguage":"fr-FR","@id":"https:\/\/www.economicpartners.com\/fr\/#\/schema\/logo\/image\/","url":"https:\/\/www.economicpartners.com\/wp-content\/uploads\/2021\/10\/ep_sitelogo_mobile.png","contentUrl":"https:\/\/www.economicpartners.com\/wp-content\/uploads\/2021\/10\/ep_sitelogo_mobile.png","width":184,"height":125,"caption":"Economic Partners Sudbury East\/West Nipissing Inc."},"image":{"@id":"https:\/\/www.economicpartners.com\/fr\/#\/schema\/logo\/image\/"},"sameAs":["https:\/\/www.facebook.com\/EPSEWN\/"]}]}},"_links":{"self":[{"href":"https:\/\/www.economicpartners.com\/fr\/wp-json\/wp\/v2\/pages\/100","targetHints":{"allow":["GET"]}}],"collection":[{"href":"https:\/\/www.economicpartners.com\/fr\/wp-json\/wp\/v2\/pages"}],"about":[{"href":"https:\/\/www.economicpartners.com\/fr\/wp-json\/wp\/v2\/types\/page"}],"author":[{"embeddable":true,"href":"https:\/\/www.economicpartners.com\/fr\/wp-json\/wp\/v2\/users\/1"}],"replies":[{"embeddable":true,"href":"https:\/\/www.economicpartners.com\/fr\/wp-json\/wp\/v2\/comments?post=100"}],"version-history":[{"count":0,"href":"https:\/\/www.economicpartners.com\/fr\/wp-json\/wp\/v2\/pages\/100\/revisions"}],"up":[{"embeddable":true,"href":"https:\/\/www.economicpartners.com\/fr\/wp-json\/wp\/v2\/pages\/94"}],"wp:featuredmedia":[{"embeddable":true,"href":"https:\/\/www.economicpartners.com\/fr\/wp-json\/wp\/v2\/media\/3192"}],"wp:attachment":[{"href":"https:\/\/www.economicpartners.com\/fr\/wp-json\/wp\/v2\/media?parent=100"}],"curies":[{"name":"wp","href":"https:\/\/api.w.org\/{rel}","templated":true}]}}